{"id":5084,"date":"2017-07-13T15:53:55","date_gmt":"2017-07-13T13:53:55","guid":{"rendered":"https:\/\/fishprotection.eu\/kontakt\/zapytanie-ofertowe\/"},"modified":"2026-03-10T13:33:23","modified_gmt":"2026-03-10T12:33:23","slug":"solicitacao-de-orcamento","status":"publish","type":"page","link":"https:\/\/fishprotection.eu\/pt-pt\/contato\/solicitacao-de-orcamento\/","title":{"rendered":"SOLICITA\u00c7\u00c3O DE OR\u00c7AMENTO"},"content":{"rendered":"","protected":false},"excerpt":{"rendered":"","protected":false},"author":1,"featured_media":0,"parent":5054,"menu_order":1,"comment_status":"closed","ping_status":"closed","template":"templates\/page-onepage.php","meta":{"_acf_changed":false,"footnotes":""},"class_list":["post-5084","page","type-page","status-publish","hentry"],"acf":[],"yoast_head":"<!-- This site is optimized with the Yoast SEO plugin v27.3 - https:\/\/yoast.com\/product\/yoast-seo-wordpress\/ -->\n<title>SOLICITA\u00c7\u00c3O DE OR\u00c7AMENTO - Neptun<\/title>\n<meta name=\"robots\" content=\"index, follow, max-snippet:-1, max-image-preview:large, max-video-preview:-1\" \/>\n<link rel=\"canonical\" href=\"https:\/\/fishprotection.eu\/pt-pt\/contato\/solicitacao-de-orcamento\/\" \/>\n<meta property=\"og:locale\" content=\"pt_PT\" \/>\n<meta property=\"og:type\" content=\"article\" \/>\n<meta property=\"og:title\" content=\"SOLICITA\u00c7\u00c3O DE OR\u00c7AMENTO - Neptun\" \/>\n<meta property=\"og:url\" content=\"https:\/\/fishprotection.eu\/pt-pt\/contato\/solicitacao-de-orcamento\/\" \/>\n<meta property=\"og:site_name\" content=\"Neptun\" \/>\n<meta property=\"article:modified_time\" content=\"2026-03-10T12:33:23+00:00\" \/>\n<meta property=\"og:image\" content=\"https:\/\/fishprotection.eu\/wp-content\/uploads\/fb-image.png\" \/>\n\t<meta property=\"og:image:width\" content=\"1200\" \/>\n\t<meta property=\"og:image:height\" content=\"630\" \/>\n\t<meta property=\"og:image:type\" content=\"image\/png\" \/>\n<meta name=\"twitter:card\" content=\"summary_large_image\" \/>\n<script type=\"application\/ld+json\" class=\"yoast-schema-graph\">{\"@context\":\"https:\\\/\\\/schema.org\",\"@graph\":[{\"@type\":\"WebPage\",\"@id\":\"https:\\\/\\\/fishprotection.eu\\\/pt-pt\\\/contato\\\/solicitacao-de-orcamento\\\/\",\"url\":\"https:\\\/\\\/fishprotection.eu\\\/pt-pt\\\/contato\\\/solicitacao-de-orcamento\\\/\",\"name\":\"SOLICITA\u00c7\u00c3O DE OR\u00c7AMENTO - Neptun\",\"isPartOf\":{\"@id\":\"https:\\\/\\\/fishprotection.eu\\\/pt-pt\\\/#website\"},\"datePublished\":\"2017-07-13T13:53:55+00:00\",\"dateModified\":\"2026-03-10T12:33:23+00:00\",\"breadcrumb\":{\"@id\":\"https:\\\/\\\/fishprotection.eu\\\/pt-pt\\\/contato\\\/solicitacao-de-orcamento\\\/#breadcrumb\"},\"inLanguage\":\"pt-PT\",\"potentialAction\":[{\"@type\":\"ReadAction\",\"target\":[\"https:\\\/\\\/fishprotection.eu\\\/pt-pt\\\/contato\\\/solicitacao-de-orcamento\\\/\"]}]},{\"@type\":\"BreadcrumbList\",\"@id\":\"https:\\\/\\\/fishprotection.eu\\\/pt-pt\\\/contato\\\/solicitacao-de-orcamento\\\/#breadcrumb\",\"itemListElement\":[{\"@type\":\"ListItem\",\"position\":1,\"name\":\"Home\",\"item\":\"https:\\\/\\\/fishprotection.eu\\\/pt-pt\\\/\"},{\"@type\":\"ListItem\",\"position\":2,\"name\":\"Contato\",\"item\":\"https:\\\/\\\/fishprotection.eu\\\/pt-pt\\\/contato\\\/\"},{\"@type\":\"ListItem\",\"position\":3,\"name\":\"SOLICITA\u00c7\u00c3O DE OR\u00c7AMENTO\"}]},{\"@type\":\"WebSite\",\"@id\":\"https:\\\/\\\/fishprotection.eu\\\/pt-pt\\\/#website\",\"url\":\"https:\\\/\\\/fishprotection.eu\\\/pt-pt\\\/\",\"name\":\"Neptun\",\"description\":\"\",\"potentialAction\":[{\"@type\":\"SearchAction\",\"target\":{\"@type\":\"EntryPoint\",\"urlTemplate\":\"https:\\\/\\\/fishprotection.eu\\\/pt-pt\\\/?s={search_term_string}\"},\"query-input\":{\"@type\":\"PropertyValueSpecification\",\"valueRequired\":true,\"valueName\":\"search_term_string\"}}],\"inLanguage\":\"pt-PT\"}]}<\/script>\n<!-- \/ Yoast SEO plugin. -->","yoast_head_json":{"title":"SOLICITA\u00c7\u00c3O DE OR\u00c7AMENTO - Neptun","robots":{"index":"index","follow":"follow","max-snippet":"max-snippet:-1","max-image-preview":"max-image-preview:large","max-video-preview":"max-video-preview:-1"},"canonical":"https:\/\/fishprotection.eu\/pt-pt\/contato\/solicitacao-de-orcamento\/","og_locale":"pt_PT","og_type":"article","og_title":"SOLICITA\u00c7\u00c3O DE OR\u00c7AMENTO - Neptun","og_url":"https:\/\/fishprotection.eu\/pt-pt\/contato\/solicitacao-de-orcamento\/","og_site_name":"Neptun","article_modified_time":"2026-03-10T12:33:23+00:00","og_image":[{"width":1200,"height":630,"url":"https:\/\/fishprotection.eu\/wp-content\/uploads\/fb-image.png","type":"image\/png"}],"twitter_card":"summary_large_image","schema":{"@context":"https:\/\/schema.org","@graph":[{"@type":"WebPage","@id":"https:\/\/fishprotection.eu\/pt-pt\/contato\/solicitacao-de-orcamento\/","url":"https:\/\/fishprotection.eu\/pt-pt\/contato\/solicitacao-de-orcamento\/","name":"SOLICITA\u00c7\u00c3O DE OR\u00c7AMENTO - Neptun","isPartOf":{"@id":"https:\/\/fishprotection.eu\/pt-pt\/#website"},"datePublished":"2017-07-13T13:53:55+00:00","dateModified":"2026-03-10T12:33:23+00:00","breadcrumb":{"@id":"https:\/\/fishprotection.eu\/pt-pt\/contato\/solicitacao-de-orcamento\/#breadcrumb"},"inLanguage":"pt-PT","potentialAction":[{"@type":"ReadAction","target":["https:\/\/fishprotection.eu\/pt-pt\/contato\/solicitacao-de-orcamento\/"]}]},{"@type":"BreadcrumbList","@id":"https:\/\/fishprotection.eu\/pt-pt\/contato\/solicitacao-de-orcamento\/#breadcrumb","itemListElement":[{"@type":"ListItem","position":1,"name":"Home","item":"https:\/\/fishprotection.eu\/pt-pt\/"},{"@type":"ListItem","position":2,"name":"Contato","item":"https:\/\/fishprotection.eu\/pt-pt\/contato\/"},{"@type":"ListItem","position":3,"name":"SOLICITA\u00c7\u00c3O DE OR\u00c7AMENTO"}]},{"@type":"WebSite","@id":"https:\/\/fishprotection.eu\/pt-pt\/#website","url":"https:\/\/fishprotection.eu\/pt-pt\/","name":"Neptun","description":"","potentialAction":[{"@type":"SearchAction","target":{"@type":"EntryPoint","urlTemplate":"https:\/\/fishprotection.eu\/pt-pt\/?s={search_term_string}"},"query-input":{"@type":"PropertyValueSpecification","valueRequired":true,"valueName":"search_term_string"}}],"inLanguage":"pt-PT"}]}},"_links":{"self":[{"href":"https:\/\/fishprotection.eu\/pt-pt\/wp-json\/wp\/v2\/pages\/5084","targetHints":{"allow":["GET"]}}],"collection":[{"href":"https:\/\/fishprotection.eu\/pt-pt\/wp-json\/wp\/v2\/pages"}],"about":[{"href":"https:\/\/fishprotection.eu\/pt-pt\/wp-json\/wp\/v2\/types\/page"}],"author":[{"embeddable":true,"href":"https:\/\/fishprotection.eu\/pt-pt\/wp-json\/wp\/v2\/users\/1"}],"replies":[{"embeddable":true,"href":"https:\/\/fishprotection.eu\/pt-pt\/wp-json\/wp\/v2\/comments?post=5084"}],"version-history":[{"count":2,"href":"https:\/\/fishprotection.eu\/pt-pt\/wp-json\/wp\/v2\/pages\/5084\/revisions"}],"predecessor-version":[{"id":5088,"href":"https:\/\/fishprotection.eu\/pt-pt\/wp-json\/wp\/v2\/pages\/5084\/revisions\/5088"}],"up":[{"embeddable":true,"href":"https:\/\/fishprotection.eu\/pt-pt\/wp-json\/wp\/v2\/pages\/5054"}],"wp:attachment":[{"href":"https:\/\/fishprotection.eu\/pt-pt\/wp-json\/wp\/v2\/media?parent=5084"}],"curies":[{"name":"wp","href":"https:\/\/api.w.org\/{rel}","templated":true}]}}