{"id":5020,"date":"2017-07-13T13:33:19","date_gmt":"2017-07-13T11:33:19","guid":{"rendered":"https:\/\/fishprotection.eu\/technologia\/"},"modified":"2026-03-23T12:12:57","modified_gmt":"2026-03-23T11:12:57","slug":"tecnologia","status":"publish","type":"page","link":"https:\/\/fishprotection.eu\/pt-pt\/tecnologia\/","title":{"rendered":"Tecnologia"},"content":{"rendered":"","protected":false},"excerpt":{"rendered":"","protected":false},"author":1,"featured_media":0,"parent":0,"menu_order":2,"comment_status":"closed","ping_status":"closed","template":"templates\/page-onepage.php","meta":{"_acf_changed":false,"footnotes":""},"class_list":["post-5020","page","type-page","status-publish","hentry"],"acf":[],"yoast_head":"<!-- This site is optimized with the Yoast SEO plugin v27.3 - https:\/\/yoast.com\/product\/yoast-seo-wordpress\/ -->\n<title>Ochrona Uj\u0119\u0107 przed Wp\u0142ywaniem Ryb \u2013 System Neptun<\/title>\n<meta name=\"description\" content=\"Ochrona Uj\u0119\u0107 Przed Wp\u0142ywaniem Ryb. Nowa generacja bariery elektrycznej chroni\u0105cej uj\u0119cia w\u00f3d przed wp\u0142ywaniem ryb z zewn\u0105trz. Sprawd\u017a System Neptun!\" \/>\n<meta name=\"robots\" content=\"index, follow, max-snippet:-1, max-image-preview:large, max-video-preview:-1\" \/>\n<link rel=\"canonical\" href=\"https:\/\/fishprotection.eu\/pt-pt\/tecnologia\/\" \/>\n<meta property=\"og:locale\" content=\"pt_PT\" \/>\n<meta property=\"og:type\" content=\"article\" \/>\n<meta property=\"og:title\" content=\"Ochrona Uj\u0119\u0107 przed Wp\u0142ywaniem Ryb \u2013 System Neptun\" \/>\n<meta property=\"og:description\" content=\"Ochrona Uj\u0119\u0107 Przed Wp\u0142ywaniem Ryb. Nowa generacja bariery elektrycznej chroni\u0105cej uj\u0119cia w\u00f3d przed wp\u0142ywaniem ryb z zewn\u0105trz. Sprawd\u017a System Neptun!\" \/>\n<meta property=\"og:url\" content=\"https:\/\/fishprotection.eu\/pt-pt\/tecnologia\/\" \/>\n<meta property=\"og:site_name\" content=\"Neptun\" \/>\n<meta property=\"article:modified_time\" content=\"2026-03-23T11:12:57+00:00\" \/>\n<meta property=\"og:image\" content=\"https:\/\/fishprotection.eu\/wp-content\/uploads\/fb-image.png\" \/>\n\t<meta property=\"og:image:width\" content=\"1200\" \/>\n\t<meta property=\"og:image:height\" content=\"630\" \/>\n\t<meta property=\"og:image:type\" content=\"image\/png\" \/>\n<meta name=\"twitter:card\" content=\"summary_large_image\" \/>\n<script type=\"application\/ld+json\" class=\"yoast-schema-graph\">{\"@context\":\"https:\\\/\\\/schema.org\",\"@graph\":[{\"@type\":\"WebPage\",\"@id\":\"https:\\\/\\\/fishprotection.eu\\\/pt-pt\\\/tecnologia\\\/\",\"url\":\"https:\\\/\\\/fishprotection.eu\\\/pt-pt\\\/tecnologia\\\/\",\"name\":\"Ochrona Uj\u0119\u0107 przed Wp\u0142ywaniem Ryb \u2013 System Neptun\",\"isPartOf\":{\"@id\":\"https:\\\/\\\/fishprotection.eu\\\/pt-pt\\\/#website\"},\"datePublished\":\"2017-07-13T11:33:19+00:00\",\"dateModified\":\"2026-03-23T11:12:57+00:00\",\"description\":\"Ochrona Uj\u0119\u0107 Przed Wp\u0142ywaniem Ryb. Nowa generacja bariery elektrycznej chroni\u0105cej uj\u0119cia w\u00f3d przed wp\u0142ywaniem ryb z zewn\u0105trz. Sprawd\u017a System Neptun!\",\"breadcrumb\":{\"@id\":\"https:\\\/\\\/fishprotection.eu\\\/pt-pt\\\/tecnologia\\\/#breadcrumb\"},\"inLanguage\":\"pt-PT\",\"potentialAction\":[{\"@type\":\"ReadAction\",\"target\":[\"https:\\\/\\\/fishprotection.eu\\\/pt-pt\\\/tecnologia\\\/\"]}]},{\"@type\":\"BreadcrumbList\",\"@id\":\"https:\\\/\\\/fishprotection.eu\\\/pt-pt\\\/tecnologia\\\/#breadcrumb\",\"itemListElement\":[{\"@type\":\"ListItem\",\"position\":1,\"name\":\"Home\",\"item\":\"https:\\\/\\\/fishprotection.eu\\\/pt-pt\\\/\"},{\"@type\":\"ListItem\",\"position\":2,\"name\":\"Tecnologia\"}]},{\"@type\":\"WebSite\",\"@id\":\"https:\\\/\\\/fishprotection.eu\\\/pt-pt\\\/#website\",\"url\":\"https:\\\/\\\/fishprotection.eu\\\/pt-pt\\\/\",\"name\":\"Neptun\",\"description\":\"\",\"potentialAction\":[{\"@type\":\"SearchAction\",\"target\":{\"@type\":\"EntryPoint\",\"urlTemplate\":\"https:\\\/\\\/fishprotection.eu\\\/pt-pt\\\/?s={search_term_string}\"},\"query-input\":{\"@type\":\"PropertyValueSpecification\",\"valueRequired\":true,\"valueName\":\"search_term_string\"}}],\"inLanguage\":\"pt-PT\"}]}<\/script>\n<!-- \/ Yoast SEO plugin. -->","yoast_head_json":{"title":"Ochrona Uj\u0119\u0107 przed Wp\u0142ywaniem Ryb \u2013 System Neptun","description":"Ochrona Uj\u0119\u0107 Przed Wp\u0142ywaniem Ryb. Nowa generacja bariery elektrycznej chroni\u0105cej uj\u0119cia w\u00f3d przed wp\u0142ywaniem ryb z zewn\u0105trz. Sprawd\u017a System Neptun!","robots":{"index":"index","follow":"follow","max-snippet":"max-snippet:-1","max-image-preview":"max-image-preview:large","max-video-preview":"max-video-preview:-1"},"canonical":"https:\/\/fishprotection.eu\/pt-pt\/tecnologia\/","og_locale":"pt_PT","og_type":"article","og_title":"Ochrona Uj\u0119\u0107 przed Wp\u0142ywaniem Ryb \u2013 System Neptun","og_description":"Ochrona Uj\u0119\u0107 Przed Wp\u0142ywaniem Ryb. Nowa generacja bariery elektrycznej chroni\u0105cej uj\u0119cia w\u00f3d przed wp\u0142ywaniem ryb z zewn\u0105trz. Sprawd\u017a System Neptun!","og_url":"https:\/\/fishprotection.eu\/pt-pt\/tecnologia\/","og_site_name":"Neptun","article_modified_time":"2026-03-23T11:12:57+00:00","og_image":[{"width":1200,"height":630,"url":"https:\/\/fishprotection.eu\/wp-content\/uploads\/fb-image.png","type":"image\/png"}],"twitter_card":"summary_large_image","schema":{"@context":"https:\/\/schema.org","@graph":[{"@type":"WebPage","@id":"https:\/\/fishprotection.eu\/pt-pt\/tecnologia\/","url":"https:\/\/fishprotection.eu\/pt-pt\/tecnologia\/","name":"Ochrona Uj\u0119\u0107 przed Wp\u0142ywaniem Ryb \u2013 System Neptun","isPartOf":{"@id":"https:\/\/fishprotection.eu\/pt-pt\/#website"},"datePublished":"2017-07-13T11:33:19+00:00","dateModified":"2026-03-23T11:12:57+00:00","description":"Ochrona Uj\u0119\u0107 Przed Wp\u0142ywaniem Ryb. Nowa generacja bariery elektrycznej chroni\u0105cej uj\u0119cia w\u00f3d przed wp\u0142ywaniem ryb z zewn\u0105trz. Sprawd\u017a System Neptun!","breadcrumb":{"@id":"https:\/\/fishprotection.eu\/pt-pt\/tecnologia\/#breadcrumb"},"inLanguage":"pt-PT","potentialAction":[{"@type":"ReadAction","target":["https:\/\/fishprotection.eu\/pt-pt\/tecnologia\/"]}]},{"@type":"BreadcrumbList","@id":"https:\/\/fishprotection.eu\/pt-pt\/tecnologia\/#breadcrumb","itemListElement":[{"@type":"ListItem","position":1,"name":"Home","item":"https:\/\/fishprotection.eu\/pt-pt\/"},{"@type":"ListItem","position":2,"name":"Tecnologia"}]},{"@type":"WebSite","@id":"https:\/\/fishprotection.eu\/pt-pt\/#website","url":"https:\/\/fishprotection.eu\/pt-pt\/","name":"Neptun","description":"","potentialAction":[{"@type":"SearchAction","target":{"@type":"EntryPoint","urlTemplate":"https:\/\/fishprotection.eu\/pt-pt\/?s={search_term_string}"},"query-input":{"@type":"PropertyValueSpecification","valueRequired":true,"valueName":"search_term_string"}}],"inLanguage":"pt-PT"}]}},"_links":{"self":[{"href":"https:\/\/fishprotection.eu\/pt-pt\/wp-json\/wp\/v2\/pages\/5020","targetHints":{"allow":["GET"]}}],"collection":[{"href":"https:\/\/fishprotection.eu\/pt-pt\/wp-json\/wp\/v2\/pages"}],"about":[{"href":"https:\/\/fishprotection.eu\/pt-pt\/wp-json\/wp\/v2\/types\/page"}],"author":[{"embeddable":true,"href":"https:\/\/fishprotection.eu\/pt-pt\/wp-json\/wp\/v2\/users\/1"}],"replies":[{"embeddable":true,"href":"https:\/\/fishprotection.eu\/pt-pt\/wp-json\/wp\/v2\/comments?post=5020"}],"version-history":[{"count":4,"href":"https:\/\/fishprotection.eu\/pt-pt\/wp-json\/wp\/v2\/pages\/5020\/revisions"}],"predecessor-version":[{"id":5945,"href":"https:\/\/fishprotection.eu\/pt-pt\/wp-json\/wp\/v2\/pages\/5020\/revisions\/5945"}],"wp:attachment":[{"href":"https:\/\/fishprotection.eu\/pt-pt\/wp-json\/wp\/v2\/media?parent=5020"}],"curies":[{"name":"wp","href":"https:\/\/api.w.org\/{rel}","templated":true}]}}