{"id":5014,"date":"2017-07-20T17:52:57","date_gmt":"2017-07-20T15:52:57","guid":{"rendered":"https:\/\/fishprotection.eu\/ochrona-ujec-wod\/ujecia-technologiczne\/"},"modified":"2026-03-10T13:33:02","modified_gmt":"2026-03-10T12:33:02","slug":"protecao-de-captacoes-de-agua-tecnologica","status":"publish","type":"page","link":"https:\/\/fishprotection.eu\/pt-pt\/aplicacoes\/protecao-de-captacoes-de-agua\/protecao-de-captacoes-de-agua-tecnologica\/","title":{"rendered":"Prote\u00e7\u00e3o de Capta\u00e7\u00f5es de \u00c1gua Tecnol\u00f3gica"},"content":{"rendered":"","protected":false},"excerpt":{"rendered":"","protected":false},"author":2,"featured_media":4957,"parent":5007,"menu_order":1,"comment_status":"closed","ping_status":"closed","template":"templates\/page-onepage.php","meta":{"_acf_changed":false,"footnotes":""},"class_list":["post-5014","page","type-page","status-publish","has-post-thumbnail","hentry"],"acf":[],"yoast_head":"<!-- This site is optimized with the Yoast SEO plugin v27.3 - https:\/\/yoast.com\/product\/yoast-seo-wordpress\/ -->\n<title>Innowacyjny System Ochrony Uj\u0119\u0107 W\u00f3d \u2013 System Neptun<\/title>\n<meta name=\"description\" content=\"System ochrony uj\u0119\u0107 w\u00f3d zapewnia obni\u017cenie koszt\u00f3w eksploatacji obiekt\u00f3w. Sprawd\u017a, jak ochroni\u0107 populacj\u0119 ryb bytuj\u0105cych lub migruj\u0105cych w pobli\u017cu uj\u0119cia!\" \/>\n<meta name=\"robots\" content=\"index, follow, max-snippet:-1, max-image-preview:large, max-video-preview:-1\" \/>\n<link rel=\"canonical\" href=\"https:\/\/fishprotection.eu\/pt-pt\/aplicacoes\/protecao-de-captacoes-de-agua\/protecao-de-captacoes-de-agua-tecnologica\/\" \/>\n<meta property=\"og:locale\" content=\"pt_PT\" \/>\n<meta property=\"og:type\" content=\"article\" \/>\n<meta property=\"og:title\" content=\"Innowacyjny System Ochrony Uj\u0119\u0107 W\u00f3d \u2013 System Neptun\" \/>\n<meta property=\"og:description\" content=\"System ochrony uj\u0119\u0107 w\u00f3d zapewnia obni\u017cenie koszt\u00f3w eksploatacji obiekt\u00f3w. Sprawd\u017a, jak ochroni\u0107 populacj\u0119 ryb bytuj\u0105cych lub migruj\u0105cych w pobli\u017cu uj\u0119cia!\" \/>\n<meta property=\"og:url\" content=\"https:\/\/fishprotection.eu\/pt-pt\/aplicacoes\/protecao-de-captacoes-de-agua\/protecao-de-captacoes-de-agua-tecnologica\/\" \/>\n<meta property=\"og:site_name\" content=\"Neptun\" \/>\n<meta property=\"article:modified_time\" content=\"2026-03-10T12:33:02+00:00\" \/>\n<meta property=\"og:image\" content=\"https:\/\/fishprotection.eu\/wp-content\/uploads\/fb-image.png\" \/>\n\t<meta property=\"og:image:width\" content=\"1200\" \/>\n\t<meta property=\"og:image:height\" content=\"630\" \/>\n\t<meta property=\"og:image:type\" content=\"image\/png\" \/>\n<meta name=\"twitter:card\" content=\"summary_large_image\" \/>\n<meta name=\"twitter:label1\" content=\"Tempo estimado de leitura\" \/>\n\t<meta name=\"twitter:data1\" content=\"1 minuto\" \/>\n<script type=\"application\/ld+json\" class=\"yoast-schema-graph\">{\"@context\":\"https:\\\/\\\/schema.org\",\"@graph\":[{\"@type\":\"WebPage\",\"@id\":\"https:\\\/\\\/fishprotection.eu\\\/pt-pt\\\/aplicacoes\\\/protecao-de-captacoes-de-agua\\\/protecao-de-captacoes-de-agua-tecnologica\\\/\",\"url\":\"https:\\\/\\\/fishprotection.eu\\\/pt-pt\\\/aplicacoes\\\/protecao-de-captacoes-de-agua\\\/protecao-de-captacoes-de-agua-tecnologica\\\/\",\"name\":\"Innowacyjny System Ochrony Uj\u0119\u0107 W\u00f3d \u2013 System Neptun\",\"isPartOf\":{\"@id\":\"https:\\\/\\\/fishprotection.eu\\\/pt-pt\\\/#website\"},\"primaryImageOfPage\":{\"@id\":\"https:\\\/\\\/fishprotection.eu\\\/pt-pt\\\/aplicacoes\\\/protecao-de-captacoes-de-agua\\\/protecao-de-captacoes-de-agua-tecnologica\\\/#primaryimage\"},\"image\":{\"@id\":\"https:\\\/\\\/fishprotection.eu\\\/pt-pt\\\/aplicacoes\\\/protecao-de-captacoes-de-agua\\\/protecao-de-captacoes-de-agua-tecnologica\\\/#primaryimage\"},\"thumbnailUrl\":\"https:\\\/\\\/fishprotection.eu\\\/wp-content\\\/uploads\\\/vlave-ico.svg\",\"datePublished\":\"2017-07-20T15:52:57+00:00\",\"dateModified\":\"2026-03-10T12:33:02+00:00\",\"description\":\"System ochrony uj\u0119\u0107 w\u00f3d zapewnia obni\u017cenie koszt\u00f3w eksploatacji obiekt\u00f3w. Sprawd\u017a, jak ochroni\u0107 populacj\u0119 ryb bytuj\u0105cych lub migruj\u0105cych w pobli\u017cu uj\u0119cia!\",\"breadcrumb\":{\"@id\":\"https:\\\/\\\/fishprotection.eu\\\/pt-pt\\\/aplicacoes\\\/protecao-de-captacoes-de-agua\\\/protecao-de-captacoes-de-agua-tecnologica\\\/#breadcrumb\"},\"inLanguage\":\"pt-PT\",\"potentialAction\":[{\"@type\":\"ReadAction\",\"target\":[\"https:\\\/\\\/fishprotection.eu\\\/pt-pt\\\/aplicacoes\\\/protecao-de-captacoes-de-agua\\\/protecao-de-captacoes-de-agua-tecnologica\\\/\"]}]},{\"@type\":\"ImageObject\",\"inLanguage\":\"pt-PT\",\"@id\":\"https:\\\/\\\/fishprotection.eu\\\/pt-pt\\\/aplicacoes\\\/protecao-de-captacoes-de-agua\\\/protecao-de-captacoes-de-agua-tecnologica\\\/#primaryimage\",\"url\":\"https:\\\/\\\/fishprotection.eu\\\/wp-content\\\/uploads\\\/vlave-ico.svg\",\"contentUrl\":\"https:\\\/\\\/fishprotection.eu\\\/wp-content\\\/uploads\\\/vlave-ico.svg\"},{\"@type\":\"BreadcrumbList\",\"@id\":\"https:\\\/\\\/fishprotection.eu\\\/pt-pt\\\/aplicacoes\\\/protecao-de-captacoes-de-agua\\\/protecao-de-captacoes-de-agua-tecnologica\\\/#breadcrumb\",\"itemListElement\":[{\"@type\":\"ListItem\",\"position\":1,\"name\":\"Home\",\"item\":\"https:\\\/\\\/fishprotection.eu\\\/pt-pt\\\/\"},{\"@type\":\"ListItem\",\"position\":2,\"name\":\"Aplica\u00e7\u00f5es\",\"item\":\"https:\\\/\\\/fishprotection.eu\\\/pt-pt\\\/aplicacoes\\\/\"},{\"@type\":\"ListItem\",\"position\":3,\"name\":\"Prote\u00e7\u00e3o de Capta\u00e7\u00f5es de \u00c1gua\",\"item\":\"https:\\\/\\\/fishprotection.eu\\\/pt-pt\\\/aplicacoes\\\/protecao-de-captacoes-de-agua\\\/\"},{\"@type\":\"ListItem\",\"position\":4,\"name\":\"Prote\u00e7\u00e3o de Capta\u00e7\u00f5es de \u00c1gua Tecnol\u00f3gica\"}]},{\"@type\":\"WebSite\",\"@id\":\"https:\\\/\\\/fishprotection.eu\\\/pt-pt\\\/#website\",\"url\":\"https:\\\/\\\/fishprotection.eu\\\/pt-pt\\\/\",\"name\":\"Neptun\",\"description\":\"\",\"potentialAction\":[{\"@type\":\"SearchAction\",\"target\":{\"@type\":\"EntryPoint\",\"urlTemplate\":\"https:\\\/\\\/fishprotection.eu\\\/pt-pt\\\/?s={search_term_string}\"},\"query-input\":{\"@type\":\"PropertyValueSpecification\",\"valueRequired\":true,\"valueName\":\"search_term_string\"}}],\"inLanguage\":\"pt-PT\"}]}<\/script>\n<!-- \/ Yoast SEO plugin. -->","yoast_head_json":{"title":"Innowacyjny System Ochrony Uj\u0119\u0107 W\u00f3d \u2013 System Neptun","description":"System ochrony uj\u0119\u0107 w\u00f3d zapewnia obni\u017cenie koszt\u00f3w eksploatacji obiekt\u00f3w. Sprawd\u017a, jak ochroni\u0107 populacj\u0119 ryb bytuj\u0105cych lub migruj\u0105cych w pobli\u017cu uj\u0119cia!","robots":{"index":"index","follow":"follow","max-snippet":"max-snippet:-1","max-image-preview":"max-image-preview:large","max-video-preview":"max-video-preview:-1"},"canonical":"https:\/\/fishprotection.eu\/pt-pt\/aplicacoes\/protecao-de-captacoes-de-agua\/protecao-de-captacoes-de-agua-tecnologica\/","og_locale":"pt_PT","og_type":"article","og_title":"Innowacyjny System Ochrony Uj\u0119\u0107 W\u00f3d \u2013 System Neptun","og_description":"System ochrony uj\u0119\u0107 w\u00f3d zapewnia obni\u017cenie koszt\u00f3w eksploatacji obiekt\u00f3w. Sprawd\u017a, jak ochroni\u0107 populacj\u0119 ryb bytuj\u0105cych lub migruj\u0105cych w pobli\u017cu uj\u0119cia!","og_url":"https:\/\/fishprotection.eu\/pt-pt\/aplicacoes\/protecao-de-captacoes-de-agua\/protecao-de-captacoes-de-agua-tecnologica\/","og_site_name":"Neptun","article_modified_time":"2026-03-10T12:33:02+00:00","og_image":[{"width":1200,"height":630,"url":"https:\/\/fishprotection.eu\/wp-content\/uploads\/fb-image.png","type":"image\/png"}],"twitter_card":"summary_large_image","twitter_misc":{"Tempo estimado de leitura":"1 minuto"},"schema":{"@context":"https:\/\/schema.org","@graph":[{"@type":"WebPage","@id":"https:\/\/fishprotection.eu\/pt-pt\/aplicacoes\/protecao-de-captacoes-de-agua\/protecao-de-captacoes-de-agua-tecnologica\/","url":"https:\/\/fishprotection.eu\/pt-pt\/aplicacoes\/protecao-de-captacoes-de-agua\/protecao-de-captacoes-de-agua-tecnologica\/","name":"Innowacyjny System Ochrony Uj\u0119\u0107 W\u00f3d \u2013 System Neptun","isPartOf":{"@id":"https:\/\/fishprotection.eu\/pt-pt\/#website"},"primaryImageOfPage":{"@id":"https:\/\/fishprotection.eu\/pt-pt\/aplicacoes\/protecao-de-captacoes-de-agua\/protecao-de-captacoes-de-agua-tecnologica\/#primaryimage"},"image":{"@id":"https:\/\/fishprotection.eu\/pt-pt\/aplicacoes\/protecao-de-captacoes-de-agua\/protecao-de-captacoes-de-agua-tecnologica\/#primaryimage"},"thumbnailUrl":"https:\/\/fishprotection.eu\/wp-content\/uploads\/vlave-ico.svg","datePublished":"2017-07-20T15:52:57+00:00","dateModified":"2026-03-10T12:33:02+00:00","description":"System ochrony uj\u0119\u0107 w\u00f3d zapewnia obni\u017cenie koszt\u00f3w eksploatacji obiekt\u00f3w. Sprawd\u017a, jak ochroni\u0107 populacj\u0119 ryb bytuj\u0105cych lub migruj\u0105cych w pobli\u017cu uj\u0119cia!","breadcrumb":{"@id":"https:\/\/fishprotection.eu\/pt-pt\/aplicacoes\/protecao-de-captacoes-de-agua\/protecao-de-captacoes-de-agua-tecnologica\/#breadcrumb"},"inLanguage":"pt-PT","potentialAction":[{"@type":"ReadAction","target":["https:\/\/fishprotection.eu\/pt-pt\/aplicacoes\/protecao-de-captacoes-de-agua\/protecao-de-captacoes-de-agua-tecnologica\/"]}]},{"@type":"ImageObject","inLanguage":"pt-PT","@id":"https:\/\/fishprotection.eu\/pt-pt\/aplicacoes\/protecao-de-captacoes-de-agua\/protecao-de-captacoes-de-agua-tecnologica\/#primaryimage","url":"https:\/\/fishprotection.eu\/wp-content\/uploads\/vlave-ico.svg","contentUrl":"https:\/\/fishprotection.eu\/wp-content\/uploads\/vlave-ico.svg"},{"@type":"BreadcrumbList","@id":"https:\/\/fishprotection.eu\/pt-pt\/aplicacoes\/protecao-de-captacoes-de-agua\/protecao-de-captacoes-de-agua-tecnologica\/#breadcrumb","itemListElement":[{"@type":"ListItem","position":1,"name":"Home","item":"https:\/\/fishprotection.eu\/pt-pt\/"},{"@type":"ListItem","position":2,"name":"Aplica\u00e7\u00f5es","item":"https:\/\/fishprotection.eu\/pt-pt\/aplicacoes\/"},{"@type":"ListItem","position":3,"name":"Prote\u00e7\u00e3o de Capta\u00e7\u00f5es de \u00c1gua","item":"https:\/\/fishprotection.eu\/pt-pt\/aplicacoes\/protecao-de-captacoes-de-agua\/"},{"@type":"ListItem","position":4,"name":"Prote\u00e7\u00e3o de Capta\u00e7\u00f5es de \u00c1gua Tecnol\u00f3gica"}]},{"@type":"WebSite","@id":"https:\/\/fishprotection.eu\/pt-pt\/#website","url":"https:\/\/fishprotection.eu\/pt-pt\/","name":"Neptun","description":"","potentialAction":[{"@type":"SearchAction","target":{"@type":"EntryPoint","urlTemplate":"https:\/\/fishprotection.eu\/pt-pt\/?s={search_term_string}"},"query-input":{"@type":"PropertyValueSpecification","valueRequired":true,"valueName":"search_term_string"}}],"inLanguage":"pt-PT"}]}},"_links":{"self":[{"href":"https:\/\/fishprotection.eu\/pt-pt\/wp-json\/wp\/v2\/pages\/5014","targetHints":{"allow":["GET"]}}],"collection":[{"href":"https:\/\/fishprotection.eu\/pt-pt\/wp-json\/wp\/v2\/pages"}],"about":[{"href":"https:\/\/fishprotection.eu\/pt-pt\/wp-json\/wp\/v2\/types\/page"}],"author":[{"embeddable":true,"href":"https:\/\/fishprotection.eu\/pt-pt\/wp-json\/wp\/v2\/users\/2"}],"replies":[{"embeddable":true,"href":"https:\/\/fishprotection.eu\/pt-pt\/wp-json\/wp\/v2\/comments?post=5014"}],"version-history":[{"count":2,"href":"https:\/\/fishprotection.eu\/pt-pt\/wp-json\/wp\/v2\/pages\/5014\/revisions"}],"predecessor-version":[{"id":5836,"href":"https:\/\/fishprotection.eu\/pt-pt\/wp-json\/wp\/v2\/pages\/5014\/revisions\/5836"}],"up":[{"embeddable":true,"href":"https:\/\/fishprotection.eu\/pt-pt\/wp-json\/wp\/v2\/pages\/5007"}],"wp:featuredmedia":[{"embeddable":true,"href":"https:\/\/fishprotection.eu\/pt-pt\/wp-json\/wp\/v2\/media\/4957"}],"wp:attachment":[{"href":"https:\/\/fishprotection.eu\/pt-pt\/wp-json\/wp\/v2\/media?parent=5014"}],"curies":[{"name":"wp","href":"https:\/\/api.w.org\/{rel}","templated":true}]}}