{"id":5010,"date":"2017-07-20T17:16:10","date_gmt":"2017-07-20T15:16:10","guid":{"rendered":"https:\/\/fishprotection.eu\/ochrona-ujec-wod\/turbiny-elektrownie\/"},"modified":"2026-03-10T13:32:57","modified_gmt":"2026-03-10T12:32:57","slug":"protecao-de-canais-de-descarga-de-turbinas-de-usinas-hidreletricas","status":"publish","type":"page","link":"https:\/\/fishprotection.eu\/pt-pt\/aplicacoes\/protecao-de-captacoes-de-agua\/protecao-de-canais-de-descarga-de-turbinas-de-usinas-hidreletricas\/","title":{"rendered":"Prote\u00e7\u00e3o de Canais de Descarga de Turbinas de Usinas Hidrel\u00e9tricas"},"content":{"rendered":"","protected":false},"excerpt":{"rendered":"","protected":false},"author":2,"featured_media":4967,"parent":5007,"menu_order":1,"comment_status":"closed","ping_status":"closed","template":"templates\/page-onepage.php","meta":{"_acf_changed":false,"footnotes":""},"class_list":["post-5010","page","type-page","status-publish","has-post-thumbnail","hentry"],"acf":[],"yoast_head":"<!-- This site is optimized with the Yoast SEO plugin v27.3 - https:\/\/yoast.com\/product\/yoast-seo-wordpress\/ -->\n<title>Elektryczne Odstraszacze Dla Ryb \u2013 System Neptun<\/title>\n<meta name=\"description\" content=\"Elektryczne odstraszacze dla ryb chroni\u0105 kana\u0142y wylotowe turbin elektrowni wodnych. Obni\u017c koszty konserwacji urz\u0105dze\u0144 hydrotechnicznych. Sprawd\u017a!\" \/>\n<meta name=\"robots\" content=\"index, follow, max-snippet:-1, max-image-preview:large, max-video-preview:-1\" \/>\n<link rel=\"canonical\" href=\"https:\/\/fishprotection.eu\/pt-pt\/aplicacoes\/protecao-de-captacoes-de-agua\/protecao-de-canais-de-descarga-de-turbinas-de-usinas-hidreletricas\/\" \/>\n<meta property=\"og:locale\" content=\"pt_PT\" \/>\n<meta property=\"og:type\" content=\"article\" \/>\n<meta property=\"og:title\" content=\"Elektryczne Odstraszacze Dla Ryb \u2013 System Neptun\" \/>\n<meta property=\"og:description\" content=\"Elektryczne odstraszacze dla ryb chroni\u0105 kana\u0142y wylotowe turbin elektrowni wodnych. Obni\u017c koszty konserwacji urz\u0105dze\u0144 hydrotechnicznych. Sprawd\u017a!\" \/>\n<meta property=\"og:url\" content=\"https:\/\/fishprotection.eu\/pt-pt\/aplicacoes\/protecao-de-captacoes-de-agua\/protecao-de-canais-de-descarga-de-turbinas-de-usinas-hidreletricas\/\" \/>\n<meta property=\"og:site_name\" content=\"Neptun\" \/>\n<meta property=\"article:modified_time\" content=\"2026-03-10T12:32:57+00:00\" \/>\n<meta property=\"og:image\" content=\"https:\/\/fishprotection.eu\/wp-content\/uploads\/fb-image.png\" \/>\n\t<meta property=\"og:image:width\" content=\"1200\" \/>\n\t<meta property=\"og:image:height\" content=\"630\" \/>\n\t<meta property=\"og:image:type\" content=\"image\/png\" \/>\n<meta name=\"twitter:card\" content=\"summary_large_image\" \/>\n<meta name=\"twitter:label1\" content=\"Tempo estimado de leitura\" \/>\n\t<meta name=\"twitter:data1\" content=\"1 minuto\" \/>\n<script type=\"application\/ld+json\" class=\"yoast-schema-graph\">{\"@context\":\"https:\\\/\\\/schema.org\",\"@graph\":[{\"@type\":\"WebPage\",\"@id\":\"https:\\\/\\\/fishprotection.eu\\\/pt-pt\\\/aplicacoes\\\/protecao-de-captacoes-de-agua\\\/protecao-de-canais-de-descarga-de-turbinas-de-usinas-hidreletricas\\\/\",\"url\":\"https:\\\/\\\/fishprotection.eu\\\/pt-pt\\\/aplicacoes\\\/protecao-de-captacoes-de-agua\\\/protecao-de-canais-de-descarga-de-turbinas-de-usinas-hidreletricas\\\/\",\"name\":\"Elektryczne Odstraszacze Dla Ryb \u2013 System Neptun\",\"isPartOf\":{\"@id\":\"https:\\\/\\\/fishprotection.eu\\\/pt-pt\\\/#website\"},\"primaryImageOfPage\":{\"@id\":\"https:\\\/\\\/fishprotection.eu\\\/pt-pt\\\/aplicacoes\\\/protecao-de-captacoes-de-agua\\\/protecao-de-canais-de-descarga-de-turbinas-de-usinas-hidreletricas\\\/#primaryimage\"},\"image\":{\"@id\":\"https:\\\/\\\/fishprotection.eu\\\/pt-pt\\\/aplicacoes\\\/protecao-de-captacoes-de-agua\\\/protecao-de-canais-de-descarga-de-turbinas-de-usinas-hidreletricas\\\/#primaryimage\"},\"thumbnailUrl\":\"https:\\\/\\\/fishprotection.eu\\\/wp-content\\\/uploads\\\/ikona-ujecia-11.svg\",\"datePublished\":\"2017-07-20T15:16:10+00:00\",\"dateModified\":\"2026-03-10T12:32:57+00:00\",\"description\":\"Elektryczne odstraszacze dla ryb chroni\u0105 kana\u0142y wylotowe turbin elektrowni wodnych. Obni\u017c koszty konserwacji urz\u0105dze\u0144 hydrotechnicznych. Sprawd\u017a!\",\"breadcrumb\":{\"@id\":\"https:\\\/\\\/fishprotection.eu\\\/pt-pt\\\/aplicacoes\\\/protecao-de-captacoes-de-agua\\\/protecao-de-canais-de-descarga-de-turbinas-de-usinas-hidreletricas\\\/#breadcrumb\"},\"inLanguage\":\"pt-PT\",\"potentialAction\":[{\"@type\":\"ReadAction\",\"target\":[\"https:\\\/\\\/fishprotection.eu\\\/pt-pt\\\/aplicacoes\\\/protecao-de-captacoes-de-agua\\\/protecao-de-canais-de-descarga-de-turbinas-de-usinas-hidreletricas\\\/\"]}]},{\"@type\":\"ImageObject\",\"inLanguage\":\"pt-PT\",\"@id\":\"https:\\\/\\\/fishprotection.eu\\\/pt-pt\\\/aplicacoes\\\/protecao-de-captacoes-de-agua\\\/protecao-de-canais-de-descarga-de-turbinas-de-usinas-hidreletricas\\\/#primaryimage\",\"url\":\"https:\\\/\\\/fishprotection.eu\\\/wp-content\\\/uploads\\\/ikona-ujecia-11.svg\",\"contentUrl\":\"https:\\\/\\\/fishprotection.eu\\\/wp-content\\\/uploads\\\/ikona-ujecia-11.svg\"},{\"@type\":\"BreadcrumbList\",\"@id\":\"https:\\\/\\\/fishprotection.eu\\\/pt-pt\\\/aplicacoes\\\/protecao-de-captacoes-de-agua\\\/protecao-de-canais-de-descarga-de-turbinas-de-usinas-hidreletricas\\\/#breadcrumb\",\"itemListElement\":[{\"@type\":\"ListItem\",\"position\":1,\"name\":\"Home\",\"item\":\"https:\\\/\\\/fishprotection.eu\\\/pt-pt\\\/\"},{\"@type\":\"ListItem\",\"position\":2,\"name\":\"Aplica\u00e7\u00f5es\",\"item\":\"https:\\\/\\\/fishprotection.eu\\\/pt-pt\\\/aplicacoes\\\/\"},{\"@type\":\"ListItem\",\"position\":3,\"name\":\"Prote\u00e7\u00e3o de Capta\u00e7\u00f5es de \u00c1gua\",\"item\":\"https:\\\/\\\/fishprotection.eu\\\/pt-pt\\\/aplicacoes\\\/protecao-de-captacoes-de-agua\\\/\"},{\"@type\":\"ListItem\",\"position\":4,\"name\":\"Prote\u00e7\u00e3o de Canais de Descarga de Turbinas de Usinas Hidrel\u00e9tricas\"}]},{\"@type\":\"WebSite\",\"@id\":\"https:\\\/\\\/fishprotection.eu\\\/pt-pt\\\/#website\",\"url\":\"https:\\\/\\\/fishprotection.eu\\\/pt-pt\\\/\",\"name\":\"Neptun\",\"description\":\"\",\"potentialAction\":[{\"@type\":\"SearchAction\",\"target\":{\"@type\":\"EntryPoint\",\"urlTemplate\":\"https:\\\/\\\/fishprotection.eu\\\/pt-pt\\\/?s={search_term_string}\"},\"query-input\":{\"@type\":\"PropertyValueSpecification\",\"valueRequired\":true,\"valueName\":\"search_term_string\"}}],\"inLanguage\":\"pt-PT\"}]}<\/script>\n<!-- \/ Yoast SEO plugin. -->","yoast_head_json":{"title":"Elektryczne Odstraszacze Dla Ryb \u2013 System Neptun","description":"Elektryczne odstraszacze dla ryb chroni\u0105 kana\u0142y wylotowe turbin elektrowni wodnych. Obni\u017c koszty konserwacji urz\u0105dze\u0144 hydrotechnicznych. Sprawd\u017a!","robots":{"index":"index","follow":"follow","max-snippet":"max-snippet:-1","max-image-preview":"max-image-preview:large","max-video-preview":"max-video-preview:-1"},"canonical":"https:\/\/fishprotection.eu\/pt-pt\/aplicacoes\/protecao-de-captacoes-de-agua\/protecao-de-canais-de-descarga-de-turbinas-de-usinas-hidreletricas\/","og_locale":"pt_PT","og_type":"article","og_title":"Elektryczne Odstraszacze Dla Ryb \u2013 System Neptun","og_description":"Elektryczne odstraszacze dla ryb chroni\u0105 kana\u0142y wylotowe turbin elektrowni wodnych. Obni\u017c koszty konserwacji urz\u0105dze\u0144 hydrotechnicznych. Sprawd\u017a!","og_url":"https:\/\/fishprotection.eu\/pt-pt\/aplicacoes\/protecao-de-captacoes-de-agua\/protecao-de-canais-de-descarga-de-turbinas-de-usinas-hidreletricas\/","og_site_name":"Neptun","article_modified_time":"2026-03-10T12:32:57+00:00","og_image":[{"width":1200,"height":630,"url":"https:\/\/fishprotection.eu\/wp-content\/uploads\/fb-image.png","type":"image\/png"}],"twitter_card":"summary_large_image","twitter_misc":{"Tempo estimado de leitura":"1 minuto"},"schema":{"@context":"https:\/\/schema.org","@graph":[{"@type":"WebPage","@id":"https:\/\/fishprotection.eu\/pt-pt\/aplicacoes\/protecao-de-captacoes-de-agua\/protecao-de-canais-de-descarga-de-turbinas-de-usinas-hidreletricas\/","url":"https:\/\/fishprotection.eu\/pt-pt\/aplicacoes\/protecao-de-captacoes-de-agua\/protecao-de-canais-de-descarga-de-turbinas-de-usinas-hidreletricas\/","name":"Elektryczne Odstraszacze Dla Ryb \u2013 System Neptun","isPartOf":{"@id":"https:\/\/fishprotection.eu\/pt-pt\/#website"},"primaryImageOfPage":{"@id":"https:\/\/fishprotection.eu\/pt-pt\/aplicacoes\/protecao-de-captacoes-de-agua\/protecao-de-canais-de-descarga-de-turbinas-de-usinas-hidreletricas\/#primaryimage"},"image":{"@id":"https:\/\/fishprotection.eu\/pt-pt\/aplicacoes\/protecao-de-captacoes-de-agua\/protecao-de-canais-de-descarga-de-turbinas-de-usinas-hidreletricas\/#primaryimage"},"thumbnailUrl":"https:\/\/fishprotection.eu\/wp-content\/uploads\/ikona-ujecia-11.svg","datePublished":"2017-07-20T15:16:10+00:00","dateModified":"2026-03-10T12:32:57+00:00","description":"Elektryczne odstraszacze dla ryb chroni\u0105 kana\u0142y wylotowe turbin elektrowni wodnych. Obni\u017c koszty konserwacji urz\u0105dze\u0144 hydrotechnicznych. Sprawd\u017a!","breadcrumb":{"@id":"https:\/\/fishprotection.eu\/pt-pt\/aplicacoes\/protecao-de-captacoes-de-agua\/protecao-de-canais-de-descarga-de-turbinas-de-usinas-hidreletricas\/#breadcrumb"},"inLanguage":"pt-PT","potentialAction":[{"@type":"ReadAction","target":["https:\/\/fishprotection.eu\/pt-pt\/aplicacoes\/protecao-de-captacoes-de-agua\/protecao-de-canais-de-descarga-de-turbinas-de-usinas-hidreletricas\/"]}]},{"@type":"ImageObject","inLanguage":"pt-PT","@id":"https:\/\/fishprotection.eu\/pt-pt\/aplicacoes\/protecao-de-captacoes-de-agua\/protecao-de-canais-de-descarga-de-turbinas-de-usinas-hidreletricas\/#primaryimage","url":"https:\/\/fishprotection.eu\/wp-content\/uploads\/ikona-ujecia-11.svg","contentUrl":"https:\/\/fishprotection.eu\/wp-content\/uploads\/ikona-ujecia-11.svg"},{"@type":"BreadcrumbList","@id":"https:\/\/fishprotection.eu\/pt-pt\/aplicacoes\/protecao-de-captacoes-de-agua\/protecao-de-canais-de-descarga-de-turbinas-de-usinas-hidreletricas\/#breadcrumb","itemListElement":[{"@type":"ListItem","position":1,"name":"Home","item":"https:\/\/fishprotection.eu\/pt-pt\/"},{"@type":"ListItem","position":2,"name":"Aplica\u00e7\u00f5es","item":"https:\/\/fishprotection.eu\/pt-pt\/aplicacoes\/"},{"@type":"ListItem","position":3,"name":"Prote\u00e7\u00e3o de Capta\u00e7\u00f5es de \u00c1gua","item":"https:\/\/fishprotection.eu\/pt-pt\/aplicacoes\/protecao-de-captacoes-de-agua\/"},{"@type":"ListItem","position":4,"name":"Prote\u00e7\u00e3o de Canais de Descarga de Turbinas de Usinas Hidrel\u00e9tricas"}]},{"@type":"WebSite","@id":"https:\/\/fishprotection.eu\/pt-pt\/#website","url":"https:\/\/fishprotection.eu\/pt-pt\/","name":"Neptun","description":"","potentialAction":[{"@type":"SearchAction","target":{"@type":"EntryPoint","urlTemplate":"https:\/\/fishprotection.eu\/pt-pt\/?s={search_term_string}"},"query-input":{"@type":"PropertyValueSpecification","valueRequired":true,"valueName":"search_term_string"}}],"inLanguage":"pt-PT"}]}},"_links":{"self":[{"href":"https:\/\/fishprotection.eu\/pt-pt\/wp-json\/wp\/v2\/pages\/5010","targetHints":{"allow":["GET"]}}],"collection":[{"href":"https:\/\/fishprotection.eu\/pt-pt\/wp-json\/wp\/v2\/pages"}],"about":[{"href":"https:\/\/fishprotection.eu\/pt-pt\/wp-json\/wp\/v2\/types\/page"}],"author":[{"embeddable":true,"href":"https:\/\/fishprotection.eu\/pt-pt\/wp-json\/wp\/v2\/users\/2"}],"replies":[{"embeddable":true,"href":"https:\/\/fishprotection.eu\/pt-pt\/wp-json\/wp\/v2\/comments?post=5010"}],"version-history":[{"count":3,"href":"https:\/\/fishprotection.eu\/pt-pt\/wp-json\/wp\/v2\/pages\/5010\/revisions"}],"predecessor-version":[{"id":5834,"href":"https:\/\/fishprotection.eu\/pt-pt\/wp-json\/wp\/v2\/pages\/5010\/revisions\/5834"}],"up":[{"embeddable":true,"href":"https:\/\/fishprotection.eu\/pt-pt\/wp-json\/wp\/v2\/pages\/5007"}],"wp:featuredmedia":[{"embeddable":true,"href":"https:\/\/fishprotection.eu\/pt-pt\/wp-json\/wp\/v2\/media\/4967"}],"wp:attachment":[{"href":"https:\/\/fishprotection.eu\/pt-pt\/wp-json\/wp\/v2\/media?parent=5010"}],"curies":[{"name":"wp","href":"https:\/\/api.w.org\/{rel}","templated":true}]}}