{"id":5002,"date":"2017-07-11T11:07:34","date_gmt":"2017-07-11T09:07:34","guid":{"rendered":"https:\/\/fishprotection.eu\/ochrona-ryb\/"},"modified":"2026-03-23T12:25:21","modified_gmt":"2026-03-23T11:25:21","slug":"protecao-de-peixes","status":"publish","type":"page","link":"https:\/\/fishprotection.eu\/pt-pt\/aplicacoes\/protecao-de-peixes\/","title":{"rendered":"Prote\u00e7\u00e3o de Peixes"},"content":{"rendered":"","protected":false},"excerpt":{"rendered":"","protected":false},"author":1,"featured_media":4941,"parent":5079,"menu_order":1,"comment_status":"closed","ping_status":"closed","template":"templates\/page-onepage.php","meta":{"_acf_changed":false,"footnotes":""},"class_list":["post-5002","page","type-page","status-publish","has-post-thumbnail","hentry"],"acf":[],"yoast_head":"<!-- This site is optimized with the Yoast SEO plugin v27.3 - https:\/\/yoast.com\/product\/yoast-seo-wordpress\/ -->\n<title>Innowacyjny System Ochrony Ryb \u2013 System Neptun<\/title>\n<meta name=\"description\" content=\"Innowacyjny system ochrony ryb za pomoc\u0105 pola elektrycznego. Blisko 100% skuteczno\u015bci! System ochrony ryb Neptun - sprawd\u017a produkt.\" \/>\n<meta name=\"robots\" content=\"index, follow, max-snippet:-1, max-image-preview:large, max-video-preview:-1\" \/>\n<link rel=\"canonical\" href=\"https:\/\/fishprotection.eu\/pt-pt\/aplicacoes\/protecao-de-peixes\/\" \/>\n<meta property=\"og:locale\" content=\"pt_PT\" \/>\n<meta property=\"og:type\" content=\"article\" \/>\n<meta property=\"og:title\" content=\"Innowacyjny System Ochrony Ryb \u2013 System Neptun\" \/>\n<meta property=\"og:description\" content=\"Innowacyjny system ochrony ryb za pomoc\u0105 pola elektrycznego. Blisko 100% skuteczno\u015bci! System ochrony ryb Neptun - sprawd\u017a produkt.\" \/>\n<meta property=\"og:url\" content=\"https:\/\/fishprotection.eu\/pt-pt\/aplicacoes\/protecao-de-peixes\/\" \/>\n<meta property=\"og:site_name\" content=\"Neptun\" \/>\n<meta property=\"article:modified_time\" content=\"2026-03-23T11:25:21+00:00\" \/>\n<meta property=\"og:image\" content=\"https:\/\/fishprotection.eu\/wp-content\/uploads\/fb-image.png\" \/>\n\t<meta property=\"og:image:width\" content=\"1200\" \/>\n\t<meta property=\"og:image:height\" content=\"630\" \/>\n\t<meta property=\"og:image:type\" content=\"image\/png\" \/>\n<meta name=\"twitter:card\" content=\"summary_large_image\" \/>\n<meta name=\"twitter:label1\" content=\"Tempo estimado de leitura\" \/>\n\t<meta name=\"twitter:data1\" content=\"1 minuto\" \/>\n<script type=\"application\/ld+json\" class=\"yoast-schema-graph\">{\"@context\":\"https:\\\/\\\/schema.org\",\"@graph\":[{\"@type\":\"WebPage\",\"@id\":\"https:\\\/\\\/fishprotection.eu\\\/pt-pt\\\/aplicacoes\\\/protecao-de-peixes\\\/\",\"url\":\"https:\\\/\\\/fishprotection.eu\\\/pt-pt\\\/aplicacoes\\\/protecao-de-peixes\\\/\",\"name\":\"Innowacyjny System Ochrony Ryb \u2013 System Neptun\",\"isPartOf\":{\"@id\":\"https:\\\/\\\/fishprotection.eu\\\/pt-pt\\\/#website\"},\"primaryImageOfPage\":{\"@id\":\"https:\\\/\\\/fishprotection.eu\\\/pt-pt\\\/aplicacoes\\\/protecao-de-peixes\\\/#primaryimage\"},\"image\":{\"@id\":\"https:\\\/\\\/fishprotection.eu\\\/pt-pt\\\/aplicacoes\\\/protecao-de-peixes\\\/#primaryimage\"},\"thumbnailUrl\":\"https:\\\/\\\/fishprotection.eu\\\/wp-content\\\/uploads\\\/icon-fish-2.svg\",\"datePublished\":\"2017-07-11T09:07:34+00:00\",\"dateModified\":\"2026-03-23T11:25:21+00:00\",\"description\":\"Innowacyjny system ochrony ryb za pomoc\u0105 pola elektrycznego. Blisko 100% skuteczno\u015bci! System ochrony ryb Neptun - sprawd\u017a produkt.\",\"breadcrumb\":{\"@id\":\"https:\\\/\\\/fishprotection.eu\\\/pt-pt\\\/aplicacoes\\\/protecao-de-peixes\\\/#breadcrumb\"},\"inLanguage\":\"pt-PT\",\"potentialAction\":[{\"@type\":\"ReadAction\",\"target\":[\"https:\\\/\\\/fishprotection.eu\\\/pt-pt\\\/aplicacoes\\\/protecao-de-peixes\\\/\"]}]},{\"@type\":\"ImageObject\",\"inLanguage\":\"pt-PT\",\"@id\":\"https:\\\/\\\/fishprotection.eu\\\/pt-pt\\\/aplicacoes\\\/protecao-de-peixes\\\/#primaryimage\",\"url\":\"https:\\\/\\\/fishprotection.eu\\\/wp-content\\\/uploads\\\/icon-fish-2.svg\",\"contentUrl\":\"https:\\\/\\\/fishprotection.eu\\\/wp-content\\\/uploads\\\/icon-fish-2.svg\"},{\"@type\":\"BreadcrumbList\",\"@id\":\"https:\\\/\\\/fishprotection.eu\\\/pt-pt\\\/aplicacoes\\\/protecao-de-peixes\\\/#breadcrumb\",\"itemListElement\":[{\"@type\":\"ListItem\",\"position\":1,\"name\":\"Home\",\"item\":\"https:\\\/\\\/fishprotection.eu\\\/pt-pt\\\/\"},{\"@type\":\"ListItem\",\"position\":2,\"name\":\"Aplica\u00e7\u00f5es\",\"item\":\"https:\\\/\\\/fishprotection.eu\\\/pt-pt\\\/aplicacoes\\\/\"},{\"@type\":\"ListItem\",\"position\":3,\"name\":\"Prote\u00e7\u00e3o de Peixes\"}]},{\"@type\":\"WebSite\",\"@id\":\"https:\\\/\\\/fishprotection.eu\\\/pt-pt\\\/#website\",\"url\":\"https:\\\/\\\/fishprotection.eu\\\/pt-pt\\\/\",\"name\":\"Neptun\",\"description\":\"\",\"potentialAction\":[{\"@type\":\"SearchAction\",\"target\":{\"@type\":\"EntryPoint\",\"urlTemplate\":\"https:\\\/\\\/fishprotection.eu\\\/pt-pt\\\/?s={search_term_string}\"},\"query-input\":{\"@type\":\"PropertyValueSpecification\",\"valueRequired\":true,\"valueName\":\"search_term_string\"}}],\"inLanguage\":\"pt-PT\"}]}<\/script>\n<!-- \/ Yoast SEO plugin. -->","yoast_head_json":{"title":"Innowacyjny System Ochrony Ryb \u2013 System Neptun","description":"Innowacyjny system ochrony ryb za pomoc\u0105 pola elektrycznego. Blisko 100% skuteczno\u015bci! System ochrony ryb Neptun - sprawd\u017a produkt.","robots":{"index":"index","follow":"follow","max-snippet":"max-snippet:-1","max-image-preview":"max-image-preview:large","max-video-preview":"max-video-preview:-1"},"canonical":"https:\/\/fishprotection.eu\/pt-pt\/aplicacoes\/protecao-de-peixes\/","og_locale":"pt_PT","og_type":"article","og_title":"Innowacyjny System Ochrony Ryb \u2013 System Neptun","og_description":"Innowacyjny system ochrony ryb za pomoc\u0105 pola elektrycznego. Blisko 100% skuteczno\u015bci! System ochrony ryb Neptun - sprawd\u017a produkt.","og_url":"https:\/\/fishprotection.eu\/pt-pt\/aplicacoes\/protecao-de-peixes\/","og_site_name":"Neptun","article_modified_time":"2026-03-23T11:25:21+00:00","og_image":[{"width":1200,"height":630,"url":"https:\/\/fishprotection.eu\/wp-content\/uploads\/fb-image.png","type":"image\/png"}],"twitter_card":"summary_large_image","twitter_misc":{"Tempo estimado de leitura":"1 minuto"},"schema":{"@context":"https:\/\/schema.org","@graph":[{"@type":"WebPage","@id":"https:\/\/fishprotection.eu\/pt-pt\/aplicacoes\/protecao-de-peixes\/","url":"https:\/\/fishprotection.eu\/pt-pt\/aplicacoes\/protecao-de-peixes\/","name":"Innowacyjny System Ochrony Ryb \u2013 System Neptun","isPartOf":{"@id":"https:\/\/fishprotection.eu\/pt-pt\/#website"},"primaryImageOfPage":{"@id":"https:\/\/fishprotection.eu\/pt-pt\/aplicacoes\/protecao-de-peixes\/#primaryimage"},"image":{"@id":"https:\/\/fishprotection.eu\/pt-pt\/aplicacoes\/protecao-de-peixes\/#primaryimage"},"thumbnailUrl":"https:\/\/fishprotection.eu\/wp-content\/uploads\/icon-fish-2.svg","datePublished":"2017-07-11T09:07:34+00:00","dateModified":"2026-03-23T11:25:21+00:00","description":"Innowacyjny system ochrony ryb za pomoc\u0105 pola elektrycznego. Blisko 100% skuteczno\u015bci! System ochrony ryb Neptun - sprawd\u017a produkt.","breadcrumb":{"@id":"https:\/\/fishprotection.eu\/pt-pt\/aplicacoes\/protecao-de-peixes\/#breadcrumb"},"inLanguage":"pt-PT","potentialAction":[{"@type":"ReadAction","target":["https:\/\/fishprotection.eu\/pt-pt\/aplicacoes\/protecao-de-peixes\/"]}]},{"@type":"ImageObject","inLanguage":"pt-PT","@id":"https:\/\/fishprotection.eu\/pt-pt\/aplicacoes\/protecao-de-peixes\/#primaryimage","url":"https:\/\/fishprotection.eu\/wp-content\/uploads\/icon-fish-2.svg","contentUrl":"https:\/\/fishprotection.eu\/wp-content\/uploads\/icon-fish-2.svg"},{"@type":"BreadcrumbList","@id":"https:\/\/fishprotection.eu\/pt-pt\/aplicacoes\/protecao-de-peixes\/#breadcrumb","itemListElement":[{"@type":"ListItem","position":1,"name":"Home","item":"https:\/\/fishprotection.eu\/pt-pt\/"},{"@type":"ListItem","position":2,"name":"Aplica\u00e7\u00f5es","item":"https:\/\/fishprotection.eu\/pt-pt\/aplicacoes\/"},{"@type":"ListItem","position":3,"name":"Prote\u00e7\u00e3o de Peixes"}]},{"@type":"WebSite","@id":"https:\/\/fishprotection.eu\/pt-pt\/#website","url":"https:\/\/fishprotection.eu\/pt-pt\/","name":"Neptun","description":"","potentialAction":[{"@type":"SearchAction","target":{"@type":"EntryPoint","urlTemplate":"https:\/\/fishprotection.eu\/pt-pt\/?s={search_term_string}"},"query-input":{"@type":"PropertyValueSpecification","valueRequired":true,"valueName":"search_term_string"}}],"inLanguage":"pt-PT"}]}},"_links":{"self":[{"href":"https:\/\/fishprotection.eu\/pt-pt\/wp-json\/wp\/v2\/pages\/5002","targetHints":{"allow":["GET"]}}],"collection":[{"href":"https:\/\/fishprotection.eu\/pt-pt\/wp-json\/wp\/v2\/pages"}],"about":[{"href":"https:\/\/fishprotection.eu\/pt-pt\/wp-json\/wp\/v2\/types\/page"}],"author":[{"embeddable":true,"href":"https:\/\/fishprotection.eu\/pt-pt\/wp-json\/wp\/v2\/users\/1"}],"replies":[{"embeddable":true,"href":"https:\/\/fishprotection.eu\/pt-pt\/wp-json\/wp\/v2\/comments?post=5002"}],"version-history":[{"count":6,"href":"https:\/\/fishprotection.eu\/pt-pt\/wp-json\/wp\/v2\/pages\/5002\/revisions"}],"predecessor-version":[{"id":5951,"href":"https:\/\/fishprotection.eu\/pt-pt\/wp-json\/wp\/v2\/pages\/5002\/revisions\/5951"}],"up":[{"embeddable":true,"href":"https:\/\/fishprotection.eu\/pt-pt\/wp-json\/wp\/v2\/pages\/5079"}],"wp:featuredmedia":[{"embeddable":true,"href":"https:\/\/fishprotection.eu\/pt-pt\/wp-json\/wp\/v2\/media\/4941"}],"wp:attachment":[{"href":"https:\/\/fishprotection.eu\/pt-pt\/wp-json\/wp\/v2\/media?parent=5002"}],"curies":[{"name":"wp","href":"https:\/\/api.w.org\/{rel}","templated":true}]}}