{"id":4998,"date":"2017-07-20T16:57:28","date_gmt":"2017-07-20T14:57:28","guid":{"rendered":"https:\/\/fishprotection.eu\/gatunki-inwazyjne\/"},"modified":"2026-03-10T13:32:47","modified_gmt":"2026-03-10T12:32:47","slug":"protecao-contra-especies-invasoras","status":"publish","type":"page","link":"https:\/\/fishprotection.eu\/pt-pt\/aplicacoes\/protecao-de-peixes\/protecao-contra-especies-invasoras\/","title":{"rendered":"Prote\u00e7\u00e3o Contra Esp\u00e9cies Invasoras"},"content":{"rendered":"","protected":false},"excerpt":{"rendered":"","protected":false},"author":2,"featured_media":4941,"parent":5002,"menu_order":4,"comment_status":"closed","ping_status":"closed","template":"templates\/page-onepage.php","meta":{"_acf_changed":false,"footnotes":""},"class_list":["post-4998","page","type-page","status-publish","has-post-thumbnail","hentry"],"acf":[],"yoast_head":"<!-- This site is optimized with the Yoast SEO plugin v27.3 - https:\/\/yoast.com\/product\/yoast-seo-wordpress\/ -->\n<title>Ukierunkowanie ryb do pu\u0142apki | Ochrona ryb rodzimych \u2013 System Neptun<\/title>\n<meta name=\"description\" content=\"Ukierunkowanie ryb inwazyjnych do pu\u0142apki chroni uj\u0119cia w\u00f3d, dzi\u0119ki czemu nie dochodzi do zachwiania r\u00f3wnowagi w zbiornikach wodnych. Sprawd\u017a!\" \/>\n<meta name=\"robots\" content=\"index, follow, max-snippet:-1, max-image-preview:large, max-video-preview:-1\" \/>\n<link rel=\"canonical\" href=\"https:\/\/fishprotection.eu\/pt-pt\/aplicacoes\/protecao-de-peixes\/protecao-contra-especies-invasoras\/\" \/>\n<meta property=\"og:locale\" content=\"pt_PT\" \/>\n<meta property=\"og:type\" content=\"article\" \/>\n<meta property=\"og:title\" content=\"Ukierunkowanie ryb do pu\u0142apki | Ochrona ryb rodzimych \u2013 System Neptun\" \/>\n<meta property=\"og:description\" content=\"Ukierunkowanie ryb inwazyjnych do pu\u0142apki chroni uj\u0119cia w\u00f3d, dzi\u0119ki czemu nie dochodzi do zachwiania r\u00f3wnowagi w zbiornikach wodnych. Sprawd\u017a!\" \/>\n<meta property=\"og:url\" content=\"https:\/\/fishprotection.eu\/pt-pt\/aplicacoes\/protecao-de-peixes\/protecao-contra-especies-invasoras\/\" \/>\n<meta property=\"og:site_name\" content=\"Neptun\" \/>\n<meta property=\"article:modified_time\" content=\"2026-03-10T12:32:47+00:00\" \/>\n<meta property=\"og:image\" content=\"https:\/\/fishprotection.eu\/wp-content\/uploads\/fb-image.png\" \/>\n\t<meta property=\"og:image:width\" content=\"1200\" \/>\n\t<meta property=\"og:image:height\" content=\"630\" \/>\n\t<meta property=\"og:image:type\" content=\"image\/png\" \/>\n<meta name=\"twitter:card\" content=\"summary_large_image\" \/>\n<meta name=\"twitter:label1\" content=\"Tempo estimado de leitura\" \/>\n\t<meta name=\"twitter:data1\" content=\"1 minuto\" \/>\n<script type=\"application\/ld+json\" class=\"yoast-schema-graph\">{\"@context\":\"https:\\\/\\\/schema.org\",\"@graph\":[{\"@type\":\"WebPage\",\"@id\":\"https:\\\/\\\/fishprotection.eu\\\/pt-pt\\\/aplicacoes\\\/protecao-de-peixes\\\/protecao-contra-especies-invasoras\\\/\",\"url\":\"https:\\\/\\\/fishprotection.eu\\\/pt-pt\\\/aplicacoes\\\/protecao-de-peixes\\\/protecao-contra-especies-invasoras\\\/\",\"name\":\"Ukierunkowanie ryb do pu\u0142apki | Ochrona ryb rodzimych \u2013 System Neptun\",\"isPartOf\":{\"@id\":\"https:\\\/\\\/fishprotection.eu\\\/pt-pt\\\/#website\"},\"primaryImageOfPage\":{\"@id\":\"https:\\\/\\\/fishprotection.eu\\\/pt-pt\\\/aplicacoes\\\/protecao-de-peixes\\\/protecao-contra-especies-invasoras\\\/#primaryimage\"},\"image\":{\"@id\":\"https:\\\/\\\/fishprotection.eu\\\/pt-pt\\\/aplicacoes\\\/protecao-de-peixes\\\/protecao-contra-especies-invasoras\\\/#primaryimage\"},\"thumbnailUrl\":\"https:\\\/\\\/fishprotection.eu\\\/wp-content\\\/uploads\\\/icon-fish-2.svg\",\"datePublished\":\"2017-07-20T14:57:28+00:00\",\"dateModified\":\"2026-03-10T12:32:47+00:00\",\"description\":\"Ukierunkowanie ryb inwazyjnych do pu\u0142apki chroni uj\u0119cia w\u00f3d, dzi\u0119ki czemu nie dochodzi do zachwiania r\u00f3wnowagi w zbiornikach wodnych. Sprawd\u017a!\",\"breadcrumb\":{\"@id\":\"https:\\\/\\\/fishprotection.eu\\\/pt-pt\\\/aplicacoes\\\/protecao-de-peixes\\\/protecao-contra-especies-invasoras\\\/#breadcrumb\"},\"inLanguage\":\"pt-PT\",\"potentialAction\":[{\"@type\":\"ReadAction\",\"target\":[\"https:\\\/\\\/fishprotection.eu\\\/pt-pt\\\/aplicacoes\\\/protecao-de-peixes\\\/protecao-contra-especies-invasoras\\\/\"]}]},{\"@type\":\"ImageObject\",\"inLanguage\":\"pt-PT\",\"@id\":\"https:\\\/\\\/fishprotection.eu\\\/pt-pt\\\/aplicacoes\\\/protecao-de-peixes\\\/protecao-contra-especies-invasoras\\\/#primaryimage\",\"url\":\"https:\\\/\\\/fishprotection.eu\\\/wp-content\\\/uploads\\\/icon-fish-2.svg\",\"contentUrl\":\"https:\\\/\\\/fishprotection.eu\\\/wp-content\\\/uploads\\\/icon-fish-2.svg\"},{\"@type\":\"BreadcrumbList\",\"@id\":\"https:\\\/\\\/fishprotection.eu\\\/pt-pt\\\/aplicacoes\\\/protecao-de-peixes\\\/protecao-contra-especies-invasoras\\\/#breadcrumb\",\"itemListElement\":[{\"@type\":\"ListItem\",\"position\":1,\"name\":\"Home\",\"item\":\"https:\\\/\\\/fishprotection.eu\\\/pt-pt\\\/\"},{\"@type\":\"ListItem\",\"position\":2,\"name\":\"Aplica\u00e7\u00f5es\",\"item\":\"https:\\\/\\\/fishprotection.eu\\\/pt-pt\\\/aplicacoes\\\/\"},{\"@type\":\"ListItem\",\"position\":3,\"name\":\"Prote\u00e7\u00e3o de Peixes\",\"item\":\"https:\\\/\\\/fishprotection.eu\\\/pt-pt\\\/aplicacoes\\\/protecao-de-peixes\\\/\"},{\"@type\":\"ListItem\",\"position\":4,\"name\":\"Prote\u00e7\u00e3o Contra Esp\u00e9cies Invasoras\"}]},{\"@type\":\"WebSite\",\"@id\":\"https:\\\/\\\/fishprotection.eu\\\/pt-pt\\\/#website\",\"url\":\"https:\\\/\\\/fishprotection.eu\\\/pt-pt\\\/\",\"name\":\"Neptun\",\"description\":\"\",\"potentialAction\":[{\"@type\":\"SearchAction\",\"target\":{\"@type\":\"EntryPoint\",\"urlTemplate\":\"https:\\\/\\\/fishprotection.eu\\\/pt-pt\\\/?s={search_term_string}\"},\"query-input\":{\"@type\":\"PropertyValueSpecification\",\"valueRequired\":true,\"valueName\":\"search_term_string\"}}],\"inLanguage\":\"pt-PT\"}]}<\/script>\n<!-- \/ Yoast SEO plugin. -->","yoast_head_json":{"title":"Ukierunkowanie ryb do pu\u0142apki | Ochrona ryb rodzimych \u2013 System Neptun","description":"Ukierunkowanie ryb inwazyjnych do pu\u0142apki chroni uj\u0119cia w\u00f3d, dzi\u0119ki czemu nie dochodzi do zachwiania r\u00f3wnowagi w zbiornikach wodnych. Sprawd\u017a!","robots":{"index":"index","follow":"follow","max-snippet":"max-snippet:-1","max-image-preview":"max-image-preview:large","max-video-preview":"max-video-preview:-1"},"canonical":"https:\/\/fishprotection.eu\/pt-pt\/aplicacoes\/protecao-de-peixes\/protecao-contra-especies-invasoras\/","og_locale":"pt_PT","og_type":"article","og_title":"Ukierunkowanie ryb do pu\u0142apki | Ochrona ryb rodzimych \u2013 System Neptun","og_description":"Ukierunkowanie ryb inwazyjnych do pu\u0142apki chroni uj\u0119cia w\u00f3d, dzi\u0119ki czemu nie dochodzi do zachwiania r\u00f3wnowagi w zbiornikach wodnych. Sprawd\u017a!","og_url":"https:\/\/fishprotection.eu\/pt-pt\/aplicacoes\/protecao-de-peixes\/protecao-contra-especies-invasoras\/","og_site_name":"Neptun","article_modified_time":"2026-03-10T12:32:47+00:00","og_image":[{"width":1200,"height":630,"url":"https:\/\/fishprotection.eu\/wp-content\/uploads\/fb-image.png","type":"image\/png"}],"twitter_card":"summary_large_image","twitter_misc":{"Tempo estimado de leitura":"1 minuto"},"schema":{"@context":"https:\/\/schema.org","@graph":[{"@type":"WebPage","@id":"https:\/\/fishprotection.eu\/pt-pt\/aplicacoes\/protecao-de-peixes\/protecao-contra-especies-invasoras\/","url":"https:\/\/fishprotection.eu\/pt-pt\/aplicacoes\/protecao-de-peixes\/protecao-contra-especies-invasoras\/","name":"Ukierunkowanie ryb do pu\u0142apki | Ochrona ryb rodzimych \u2013 System Neptun","isPartOf":{"@id":"https:\/\/fishprotection.eu\/pt-pt\/#website"},"primaryImageOfPage":{"@id":"https:\/\/fishprotection.eu\/pt-pt\/aplicacoes\/protecao-de-peixes\/protecao-contra-especies-invasoras\/#primaryimage"},"image":{"@id":"https:\/\/fishprotection.eu\/pt-pt\/aplicacoes\/protecao-de-peixes\/protecao-contra-especies-invasoras\/#primaryimage"},"thumbnailUrl":"https:\/\/fishprotection.eu\/wp-content\/uploads\/icon-fish-2.svg","datePublished":"2017-07-20T14:57:28+00:00","dateModified":"2026-03-10T12:32:47+00:00","description":"Ukierunkowanie ryb inwazyjnych do pu\u0142apki chroni uj\u0119cia w\u00f3d, dzi\u0119ki czemu nie dochodzi do zachwiania r\u00f3wnowagi w zbiornikach wodnych. Sprawd\u017a!","breadcrumb":{"@id":"https:\/\/fishprotection.eu\/pt-pt\/aplicacoes\/protecao-de-peixes\/protecao-contra-especies-invasoras\/#breadcrumb"},"inLanguage":"pt-PT","potentialAction":[{"@type":"ReadAction","target":["https:\/\/fishprotection.eu\/pt-pt\/aplicacoes\/protecao-de-peixes\/protecao-contra-especies-invasoras\/"]}]},{"@type":"ImageObject","inLanguage":"pt-PT","@id":"https:\/\/fishprotection.eu\/pt-pt\/aplicacoes\/protecao-de-peixes\/protecao-contra-especies-invasoras\/#primaryimage","url":"https:\/\/fishprotection.eu\/wp-content\/uploads\/icon-fish-2.svg","contentUrl":"https:\/\/fishprotection.eu\/wp-content\/uploads\/icon-fish-2.svg"},{"@type":"BreadcrumbList","@id":"https:\/\/fishprotection.eu\/pt-pt\/aplicacoes\/protecao-de-peixes\/protecao-contra-especies-invasoras\/#breadcrumb","itemListElement":[{"@type":"ListItem","position":1,"name":"Home","item":"https:\/\/fishprotection.eu\/pt-pt\/"},{"@type":"ListItem","position":2,"name":"Aplica\u00e7\u00f5es","item":"https:\/\/fishprotection.eu\/pt-pt\/aplicacoes\/"},{"@type":"ListItem","position":3,"name":"Prote\u00e7\u00e3o de Peixes","item":"https:\/\/fishprotection.eu\/pt-pt\/aplicacoes\/protecao-de-peixes\/"},{"@type":"ListItem","position":4,"name":"Prote\u00e7\u00e3o Contra Esp\u00e9cies Invasoras"}]},{"@type":"WebSite","@id":"https:\/\/fishprotection.eu\/pt-pt\/#website","url":"https:\/\/fishprotection.eu\/pt-pt\/","name":"Neptun","description":"","potentialAction":[{"@type":"SearchAction","target":{"@type":"EntryPoint","urlTemplate":"https:\/\/fishprotection.eu\/pt-pt\/?s={search_term_string}"},"query-input":{"@type":"PropertyValueSpecification","valueRequired":true,"valueName":"search_term_string"}}],"inLanguage":"pt-PT"}]}},"_links":{"self":[{"href":"https:\/\/fishprotection.eu\/pt-pt\/wp-json\/wp\/v2\/pages\/4998","targetHints":{"allow":["GET"]}}],"collection":[{"href":"https:\/\/fishprotection.eu\/pt-pt\/wp-json\/wp\/v2\/pages"}],"about":[{"href":"https:\/\/fishprotection.eu\/pt-pt\/wp-json\/wp\/v2\/types\/page"}],"author":[{"embeddable":true,"href":"https:\/\/fishprotection.eu\/pt-pt\/wp-json\/wp\/v2\/users\/2"}],"replies":[{"embeddable":true,"href":"https:\/\/fishprotection.eu\/pt-pt\/wp-json\/wp\/v2\/comments?post=4998"}],"version-history":[{"count":3,"href":"https:\/\/fishprotection.eu\/pt-pt\/wp-json\/wp\/v2\/pages\/4998\/revisions"}],"predecessor-version":[{"id":5832,"href":"https:\/\/fishprotection.eu\/pt-pt\/wp-json\/wp\/v2\/pages\/4998\/revisions\/5832"}],"up":[{"embeddable":true,"href":"https:\/\/fishprotection.eu\/pt-pt\/wp-json\/wp\/v2\/pages\/5002"}],"wp:featuredmedia":[{"embeddable":true,"href":"https:\/\/fishprotection.eu\/pt-pt\/wp-json\/wp\/v2\/media\/4941"}],"wp:attachment":[{"href":"https:\/\/fishprotection.eu\/pt-pt\/wp-json\/wp\/v2\/media?parent=4998"}],"curies":[{"name":"wp","href":"https:\/\/api.w.org\/{rel}","templated":true}]}}