{"id":1757,"date":"2017-08-01T09:55:22","date_gmt":"2017-08-01T07:55:22","guid":{"rendered":"http:\/\/fishprotection.eu\/?page_id=1757"},"modified":"2017-08-01T09:55:22","modified_gmt":"2017-08-01T07:55:22","slug":"polityka-prywatnosci","status":"publish","type":"page","link":"https:\/\/fishprotection.eu\/pl\/polityka-prywatnosci\/","title":{"rendered":"Polityka prywatno\u015bci"},"content":{"rendered":"<h3>Polityka plik\u00f3w \u201ecookies\u201d<\/h3>\n<p>\u201eCookies\u201d to pliki tekstowe, dane informatyczne przechowywane w urz\u0105dzeniach u\u017cytkownik\u00f3w, przeznaczone do korzystania ze stron internetowych. Pozwalaj\u0105 m.in. zidentyfikowa\u0107 rodzaj urz\u0105dzenia u\u017cytkownika i wy\u015bwietla\u0107 strony internetowe dostosowane do indywidualnych preferencji. Pliki \u201eCookies\u201d zawieraj\u0105 najcz\u0119\u015bciej adres strony internetowej, czas przechowywania na urz\u0105dzeniu u\u017cytkownika oraz w\u0142asny unikatowy identyfikator.<\/p>\n<p>\u201eCookies\u201d u\u017cywamy w celu optymalizacji korzystania ze stron internetowych. U\u017cywane s\u0105 r\u00f3wnie\u017c w celu gromadzenia danych statystycznych, kt\u00f3re pozwalaj\u0105 identyfikowa\u0107 spos\u00f3b korzystania u\u017cytkownik\u00f3w ze stron internetowych. Daje to mo\u017cliwo\u015b\u0107 p\u00f3\u017aniejszego ulepszania struktury i zawarto\u015bci Witryny, z wy\u0142\u0105czeniem personalnej identyfikacji u\u017cytkownika. Dane osobowe gromadzone przy u\u017cyciu plik\u00f3w \u201ecookies\u201d mog\u0105 by\u0107 zbierane wy\u0142\u0105cznie w celu wykonywania okre\u015blonych funkcji i aktywno\u015bci na rzecz u\u017cytkownika. Takie dane s\u0105 zaszyfrowane w spos\u00f3b uniemo\u017cliwiaj\u0105cy dost\u0119p do nich osobom nieuprawnionym.<\/p>\n<p>Stosujemy \u201ecookies\u201d sesyjne (tymczasowe) oraz sta\u0142e. \u201eCookies\u201d sesyjne przechowywane s\u0105 na urz\u0105dzeniu u\u017cytkownika do wylogowania ze strony internetowej lub wy\u0142\u0105czenia przegl\u0105darki internetowej. \u201eCookies\u201d sta\u0142e przechowywane s\u0105 przez zdefiniowany czas, kt\u00f3ry okre\u015blany jest parametr zawarty w pliku \u201ecookies\u201d \u2013 u\u017cytkownik dysponuje mo\u017cliwo\u015bci\u0105 ich r\u0119cznego usuni\u0119cia. \u201eCookies\u201d stosowane przez partner\u00f3w operatora strony internetowej podlegaj\u0105 ich w\u0142asnej polityce prywatno\u015bci.<\/p>\n<p>Oprogramowanie wykorzystywane do przegl\u0105dania stron WWW domy\u015blnie dopuszcza umieszczanie plik\u00f3w \u201ecookies\u201d na urz\u0105dzeniu ko\u0144cowym. U\u017cytkownik mo\u017ce dokona\u0107 w\u0142a\u015bciwej konfiguracji przegl\u0105darki, aby zablokowa\u0107 automatyczne akceptowanie plik\u00f3w \u201ecookies\u201d lub uzyska\u0107 ka\u017cdorazow\u0105 informacj\u0119 o przes\u0142aniu pliku na urz\u0105dzenie u\u017cytkownika. W\u0142a\u015bciwe informacje o obs\u0142udze plik\u00f3w \u201ecookies\u201d oraz mo\u017cliwych konfiguracjach dost\u0119pne s\u0105 w ustawieniach przegl\u0105darki. Poziom ogranicze\u0144 dotycz\u0105cy stosowania plik\u00f3w \u201ecookies\u201d mo\u017ce wp\u0142yn\u0105\u0107 na dost\u0119pno\u015b\u0107 i funkcjonalno\u015bci oferowane na stronie internetowej, a\u017c do zablokowania mo\u017cliwo\u015bci jej prawid\u0142owego u\u017cytkowania. W przypadku aplikacji udost\u0119pnianych przez Proformat akceptacja \u201ecookies\u201d jest wymagana w celu prawid\u0142owego korzystania m.in. z systemu rejestracji us\u0142ug, konta u\u017cytkownika i systemu CMS.<\/p>\n","protected":false},"excerpt":{"rendered":"<p>Polityka plik\u00f3w \u201ecookies\u201d \u201eCookies\u201d to pliki tekstowe, dane informatyczne przechowywane w urz\u0105dzeniach u\u017cytkownik\u00f3w, przeznaczone do korzystania ze stron internetowych. Pozwalaj\u0105 m.in. zidentyfikowa\u0107 rodzaj urz\u0105dzenia u\u017cytkownika i wy\u015bwietla\u0107 strony internetowe dostosowane do indywidualnych preferencji. Pliki \u201eCookies\u201d zawieraj\u0105 najcz\u0119\u015bciej adres strony internetowej, czas przechowywania na urz\u0105dzeniu u\u017cytkownika oraz w\u0142asny unikatowy identyfikator. \u201eCookies\u201d u\u017cywamy w celu optymalizacji korzystania&#8230; <a href=\"https:\/\/fishprotection.eu\/pl\/polityka-prywatnosci\/\" class=\"btn-excerpt more-link\" title=\"Polityka prywatno\u015bci\">Czytaj wi\u0119cej<span class=\"meta-nav\">&rarr;<\/span><\/a><\/p>\n","protected":false},"author":1,"featured_media":0,"parent":0,"menu_order":0,"comment_status":"closed","ping_status":"closed","template":"","meta":{"_acf_changed":false,"footnotes":""},"class_list":["post-1757","page","type-page","status-publish","hentry"],"acf":[],"yoast_head":"<!-- This site is optimized with the Yoast SEO plugin v27.5 - https:\/\/yoast.com\/product\/yoast-seo-wordpress\/ -->\n<title>Polityka prywatno\u015bci - Neptun<\/title>\n<meta name=\"description\" content=\"Polityka plik\u00f3w \u201ecookies\u201d \u201eCookies\u201d to pliki tekstowe, dane informatyczne przechowywane w urz\u0105dzeniach u\u017cytkownik\u00f3w, przeznaczone do korzystania ze stron\" \/>\n<meta name=\"robots\" content=\"index, follow, max-snippet:-1, max-image-preview:large, max-video-preview:-1\" \/>\n<link rel=\"canonical\" href=\"https:\/\/fishprotection.eu\/pl\/polityka-prywatnosci\/\" \/>\n<meta property=\"og:locale\" content=\"pl_PL\" \/>\n<meta property=\"og:type\" content=\"article\" \/>\n<meta property=\"og:title\" content=\"Polityka prywatno\u015bci - Neptun\" \/>\n<meta property=\"og:description\" content=\"Polityka plik\u00f3w \u201ecookies\u201d \u201eCookies\u201d to pliki tekstowe, dane informatyczne przechowywane w urz\u0105dzeniach u\u017cytkownik\u00f3w, przeznaczone do korzystania ze stron\" \/>\n<meta property=\"og:url\" content=\"https:\/\/fishprotection.eu\/pl\/polityka-prywatnosci\/\" \/>\n<meta property=\"og:site_name\" content=\"Neptun\" \/>\n<meta property=\"og:image\" content=\"https:\/\/fishprotection.eu\/wp-content\/uploads\/fb-image.png\" \/>\n\t<meta property=\"og:image:width\" content=\"1200\" \/>\n\t<meta property=\"og:image:height\" content=\"630\" \/>\n\t<meta property=\"og:image:type\" content=\"image\/png\" \/>\n<meta name=\"twitter:card\" content=\"summary_large_image\" \/>\n<meta name=\"twitter:label1\" content=\"Szacowany czas czytania\" \/>\n\t<meta name=\"twitter:data1\" content=\"2 minuty\" \/>\n<script type=\"application\/ld+json\" class=\"yoast-schema-graph\">{\"@context\":\"https:\\\/\\\/schema.org\",\"@graph\":[{\"@type\":\"WebPage\",\"@id\":\"https:\\\/\\\/fishprotection.eu\\\/pl\\\/polityka-prywatnosci\\\/\",\"url\":\"https:\\\/\\\/fishprotection.eu\\\/pl\\\/polityka-prywatnosci\\\/\",\"name\":\"Polityka prywatno\u015bci - Neptun\",\"isPartOf\":{\"@id\":\"https:\\\/\\\/fishprotection.eu\\\/pl\\\/#website\"},\"datePublished\":\"2017-08-01T07:55:22+00:00\",\"description\":\"Polityka plik\u00f3w \u201ecookies\u201d \u201eCookies\u201d to pliki tekstowe, dane informatyczne przechowywane w urz\u0105dzeniach u\u017cytkownik\u00f3w, przeznaczone do korzystania ze stron\",\"breadcrumb\":{\"@id\":\"https:\\\/\\\/fishprotection.eu\\\/pl\\\/polityka-prywatnosci\\\/#breadcrumb\"},\"inLanguage\":\"pl-PL\",\"potentialAction\":[{\"@type\":\"ReadAction\",\"target\":[\"https:\\\/\\\/fishprotection.eu\\\/pl\\\/polityka-prywatnosci\\\/\"]}]},{\"@type\":\"BreadcrumbList\",\"@id\":\"https:\\\/\\\/fishprotection.eu\\\/pl\\\/polityka-prywatnosci\\\/#breadcrumb\",\"itemListElement\":[{\"@type\":\"ListItem\",\"position\":1,\"name\":\"Home\",\"item\":\"https:\\\/\\\/fishprotection.eu\\\/pl\\\/\"},{\"@type\":\"ListItem\",\"position\":2,\"name\":\"Polityka prywatno\u015bci\"}]},{\"@type\":\"WebSite\",\"@id\":\"https:\\\/\\\/fishprotection.eu\\\/pl\\\/#website\",\"url\":\"https:\\\/\\\/fishprotection.eu\\\/pl\\\/\",\"name\":\"Neptun\",\"description\":\"\",\"potentialAction\":[{\"@type\":\"SearchAction\",\"target\":{\"@type\":\"EntryPoint\",\"urlTemplate\":\"https:\\\/\\\/fishprotection.eu\\\/pl\\\/?s={search_term_string}\"},\"query-input\":{\"@type\":\"PropertyValueSpecification\",\"valueRequired\":true,\"valueName\":\"search_term_string\"}}],\"inLanguage\":\"pl-PL\"}]}<\/script>\n<!-- \/ Yoast SEO plugin. -->","yoast_head_json":{"title":"Polityka prywatno\u015bci - Neptun","description":"Polityka plik\u00f3w \u201ecookies\u201d \u201eCookies\u201d to pliki tekstowe, dane informatyczne przechowywane w urz\u0105dzeniach u\u017cytkownik\u00f3w, przeznaczone do korzystania ze stron","robots":{"index":"index","follow":"follow","max-snippet":"max-snippet:-1","max-image-preview":"max-image-preview:large","max-video-preview":"max-video-preview:-1"},"canonical":"https:\/\/fishprotection.eu\/pl\/polityka-prywatnosci\/","og_locale":"pl_PL","og_type":"article","og_title":"Polityka prywatno\u015bci - Neptun","og_description":"Polityka plik\u00f3w \u201ecookies\u201d \u201eCookies\u201d to pliki tekstowe, dane informatyczne przechowywane w urz\u0105dzeniach u\u017cytkownik\u00f3w, przeznaczone do korzystania ze stron","og_url":"https:\/\/fishprotection.eu\/pl\/polityka-prywatnosci\/","og_site_name":"Neptun","og_image":[{"width":1200,"height":630,"url":"https:\/\/fishprotection.eu\/wp-content\/uploads\/fb-image.png","type":"image\/png"}],"twitter_card":"summary_large_image","twitter_misc":{"Szacowany czas czytania":"2 minuty"},"schema":{"@context":"https:\/\/schema.org","@graph":[{"@type":"WebPage","@id":"https:\/\/fishprotection.eu\/pl\/polityka-prywatnosci\/","url":"https:\/\/fishprotection.eu\/pl\/polityka-prywatnosci\/","name":"Polityka prywatno\u015bci - Neptun","isPartOf":{"@id":"https:\/\/fishprotection.eu\/pl\/#website"},"datePublished":"2017-08-01T07:55:22+00:00","description":"Polityka plik\u00f3w \u201ecookies\u201d \u201eCookies\u201d to pliki tekstowe, dane informatyczne przechowywane w urz\u0105dzeniach u\u017cytkownik\u00f3w, przeznaczone do korzystania ze stron","breadcrumb":{"@id":"https:\/\/fishprotection.eu\/pl\/polityka-prywatnosci\/#breadcrumb"},"inLanguage":"pl-PL","potentialAction":[{"@type":"ReadAction","target":["https:\/\/fishprotection.eu\/pl\/polityka-prywatnosci\/"]}]},{"@type":"BreadcrumbList","@id":"https:\/\/fishprotection.eu\/pl\/polityka-prywatnosci\/#breadcrumb","itemListElement":[{"@type":"ListItem","position":1,"name":"Home","item":"https:\/\/fishprotection.eu\/pl\/"},{"@type":"ListItem","position":2,"name":"Polityka prywatno\u015bci"}]},{"@type":"WebSite","@id":"https:\/\/fishprotection.eu\/pl\/#website","url":"https:\/\/fishprotection.eu\/pl\/","name":"Neptun","description":"","potentialAction":[{"@type":"SearchAction","target":{"@type":"EntryPoint","urlTemplate":"https:\/\/fishprotection.eu\/pl\/?s={search_term_string}"},"query-input":{"@type":"PropertyValueSpecification","valueRequired":true,"valueName":"search_term_string"}}],"inLanguage":"pl-PL"}]}},"_links":{"self":[{"href":"https:\/\/fishprotection.eu\/pl\/wp-json\/wp\/v2\/pages\/1757","targetHints":{"allow":["GET"]}}],"collection":[{"href":"https:\/\/fishprotection.eu\/pl\/wp-json\/wp\/v2\/pages"}],"about":[{"href":"https:\/\/fishprotection.eu\/pl\/wp-json\/wp\/v2\/types\/page"}],"author":[{"embeddable":true,"href":"https:\/\/fishprotection.eu\/pl\/wp-json\/wp\/v2\/users\/1"}],"replies":[{"embeddable":true,"href":"https:\/\/fishprotection.eu\/pl\/wp-json\/wp\/v2\/comments?post=1757"}],"version-history":[{"count":0,"href":"https:\/\/fishprotection.eu\/pl\/wp-json\/wp\/v2\/pages\/1757\/revisions"}],"wp:attachment":[{"href":"https:\/\/fishprotection.eu\/pl\/wp-json\/wp\/v2\/media?parent=1757"}],"curies":[{"name":"wp","href":"https:\/\/api.w.org\/{rel}","templated":true}]}}