{"id":1278,"date":"2017-07-20T18:05:47","date_gmt":"2017-07-20T16:05:47","guid":{"rendered":"http:\/\/fishprotection.eu\/?page_id=1278"},"modified":"2017-10-18T23:20:05","modified_gmt":"2017-10-18T21:20:05","slug":"farmy-rybne","status":"publish","type":"page","link":"https:\/\/fishprotection.eu\/pl\/zastosowanie\/ochrona-ujec-wod\/farmy-rybne\/","title":{"rendered":"Ochrona farm rybnych i staw\u00f3w"},"content":{"rendered":"","protected":false},"excerpt":{"rendered":"","protected":false},"author":2,"featured_media":2161,"parent":1077,"menu_order":2,"comment_status":"closed","ping_status":"closed","template":"templates\/page-onepage.php","meta":{"_acf_changed":false,"footnotes":""},"class_list":["post-1278","page","type-page","status-publish","has-post-thumbnail","hentry"],"acf":[],"yoast_head":"<!-- This site is optimized with the Yoast SEO plugin v27.5 - https:\/\/yoast.com\/product\/yoast-seo-wordpress\/ -->\n<title>Ochrona Farm Rybnych przed Gatunkami Inwazyjnymi \u2013 System Neptun<\/title>\n<meta name=\"description\" content=\"Ochrona farm rybnych i staw\u00f3w przed przedostaniem si\u0119 obcych gatunk\u00f3w. Wytwarzaj\u0105c pole elektryczne, Neptun nie dopuszcza do ucieczki ryb hodowlanych.\" \/>\n<meta name=\"robots\" content=\"index, follow, max-snippet:-1, max-image-preview:large, max-video-preview:-1\" \/>\n<link rel=\"canonical\" href=\"https:\/\/fishprotection.eu\/pl\/zastosowanie\/ochrona-ujec-wod\/farmy-rybne\/\" \/>\n<meta property=\"og:locale\" content=\"pl_PL\" \/>\n<meta property=\"og:type\" content=\"article\" \/>\n<meta property=\"og:title\" content=\"Ochrona Farm Rybnych przed Gatunkami Inwazyjnymi \u2013 System Neptun\" \/>\n<meta property=\"og:description\" content=\"Ochrona farm rybnych i staw\u00f3w przed przedostaniem si\u0119 obcych gatunk\u00f3w. Wytwarzaj\u0105c pole elektryczne, Neptun nie dopuszcza do ucieczki ryb hodowlanych.\" \/>\n<meta property=\"og:url\" content=\"https:\/\/fishprotection.eu\/pl\/zastosowanie\/ochrona-ujec-wod\/farmy-rybne\/\" \/>\n<meta property=\"og:site_name\" content=\"Neptun\" \/>\n<meta property=\"article:modified_time\" content=\"2017-10-18T21:20:05+00:00\" \/>\n<meta property=\"og:image\" content=\"https:\/\/fishprotection.eu\/wp-content\/uploads\/fb-image.png\" \/>\n\t<meta property=\"og:image:width\" content=\"1200\" \/>\n\t<meta property=\"og:image:height\" content=\"630\" \/>\n\t<meta property=\"og:image:type\" content=\"image\/png\" \/>\n<meta name=\"twitter:card\" content=\"summary_large_image\" \/>\n<script type=\"application\/ld+json\" class=\"yoast-schema-graph\">{\"@context\":\"https:\\\/\\\/schema.org\",\"@graph\":[{\"@type\":\"WebPage\",\"@id\":\"https:\\\/\\\/fishprotection.eu\\\/pl\\\/zastosowanie\\\/ochrona-ujec-wod\\\/farmy-rybne\\\/\",\"url\":\"https:\\\/\\\/fishprotection.eu\\\/pl\\\/zastosowanie\\\/ochrona-ujec-wod\\\/farmy-rybne\\\/\",\"name\":\"Ochrona Farm Rybnych przed Gatunkami Inwazyjnymi \u2013 System Neptun\",\"isPartOf\":{\"@id\":\"https:\\\/\\\/fishprotection.eu\\\/pl\\\/#website\"},\"primaryImageOfPage\":{\"@id\":\"https:\\\/\\\/fishprotection.eu\\\/pl\\\/zastosowanie\\\/ochrona-ujec-wod\\\/farmy-rybne\\\/#primaryimage\"},\"image\":{\"@id\":\"https:\\\/\\\/fishprotection.eu\\\/pl\\\/zastosowanie\\\/ochrona-ujec-wod\\\/farmy-rybne\\\/#primaryimage\"},\"thumbnailUrl\":\"https:\\\/\\\/fishprotection.eu\\\/wp-content\\\/uploads\\\/icon-fish-2.svg\",\"datePublished\":\"2017-07-20T16:05:47+00:00\",\"dateModified\":\"2017-10-18T21:20:05+00:00\",\"description\":\"Ochrona farm rybnych i staw\u00f3w przed przedostaniem si\u0119 obcych gatunk\u00f3w. Wytwarzaj\u0105c pole elektryczne, Neptun nie dopuszcza do ucieczki ryb hodowlanych.\",\"breadcrumb\":{\"@id\":\"https:\\\/\\\/fishprotection.eu\\\/pl\\\/zastosowanie\\\/ochrona-ujec-wod\\\/farmy-rybne\\\/#breadcrumb\"},\"inLanguage\":\"pl-PL\",\"potentialAction\":[{\"@type\":\"ReadAction\",\"target\":[\"https:\\\/\\\/fishprotection.eu\\\/pl\\\/zastosowanie\\\/ochrona-ujec-wod\\\/farmy-rybne\\\/\"]}]},{\"@type\":\"ImageObject\",\"inLanguage\":\"pl-PL\",\"@id\":\"https:\\\/\\\/fishprotection.eu\\\/pl\\\/zastosowanie\\\/ochrona-ujec-wod\\\/farmy-rybne\\\/#primaryimage\",\"url\":\"https:\\\/\\\/fishprotection.eu\\\/wp-content\\\/uploads\\\/icon-fish-2.svg\",\"contentUrl\":\"https:\\\/\\\/fishprotection.eu\\\/wp-content\\\/uploads\\\/icon-fish-2.svg\"},{\"@type\":\"BreadcrumbList\",\"@id\":\"https:\\\/\\\/fishprotection.eu\\\/pl\\\/zastosowanie\\\/ochrona-ujec-wod\\\/farmy-rybne\\\/#breadcrumb\",\"itemListElement\":[{\"@type\":\"ListItem\",\"position\":1,\"name\":\"Home\",\"item\":\"https:\\\/\\\/fishprotection.eu\\\/pl\\\/\"},{\"@type\":\"ListItem\",\"position\":2,\"name\":\"Zastosowanie\",\"item\":\"https:\\\/\\\/fishprotection.eu\\\/pl\\\/zastosowanie\\\/?lang=pl\"},{\"@type\":\"ListItem\",\"position\":3,\"name\":\"Ochrona uj\u0119\u0107 w\u00f3d\",\"item\":\"https:\\\/\\\/fishprotection.eu\\\/pl\\\/zastosowanie\\\/ochrona-ujec-wod\\\/\"},{\"@type\":\"ListItem\",\"position\":4,\"name\":\"Ochrona farm rybnych i staw\u00f3w\"}]},{\"@type\":\"WebSite\",\"@id\":\"https:\\\/\\\/fishprotection.eu\\\/pl\\\/#website\",\"url\":\"https:\\\/\\\/fishprotection.eu\\\/pl\\\/\",\"name\":\"Neptun\",\"description\":\"\",\"potentialAction\":[{\"@type\":\"SearchAction\",\"target\":{\"@type\":\"EntryPoint\",\"urlTemplate\":\"https:\\\/\\\/fishprotection.eu\\\/pl\\\/?s={search_term_string}\"},\"query-input\":{\"@type\":\"PropertyValueSpecification\",\"valueRequired\":true,\"valueName\":\"search_term_string\"}}],\"inLanguage\":\"pl-PL\"}]}<\/script>\n<!-- \/ Yoast SEO plugin. -->","yoast_head_json":{"title":"Ochrona Farm Rybnych przed Gatunkami Inwazyjnymi \u2013 System Neptun","description":"Ochrona farm rybnych i staw\u00f3w przed przedostaniem si\u0119 obcych gatunk\u00f3w. Wytwarzaj\u0105c pole elektryczne, Neptun nie dopuszcza do ucieczki ryb hodowlanych.","robots":{"index":"index","follow":"follow","max-snippet":"max-snippet:-1","max-image-preview":"max-image-preview:large","max-video-preview":"max-video-preview:-1"},"canonical":"https:\/\/fishprotection.eu\/pl\/zastosowanie\/ochrona-ujec-wod\/farmy-rybne\/","og_locale":"pl_PL","og_type":"article","og_title":"Ochrona Farm Rybnych przed Gatunkami Inwazyjnymi \u2013 System Neptun","og_description":"Ochrona farm rybnych i staw\u00f3w przed przedostaniem si\u0119 obcych gatunk\u00f3w. Wytwarzaj\u0105c pole elektryczne, Neptun nie dopuszcza do ucieczki ryb hodowlanych.","og_url":"https:\/\/fishprotection.eu\/pl\/zastosowanie\/ochrona-ujec-wod\/farmy-rybne\/","og_site_name":"Neptun","article_modified_time":"2017-10-18T21:20:05+00:00","og_image":[{"width":1200,"height":630,"url":"https:\/\/fishprotection.eu\/wp-content\/uploads\/fb-image.png","type":"image\/png"}],"twitter_card":"summary_large_image","schema":{"@context":"https:\/\/schema.org","@graph":[{"@type":"WebPage","@id":"https:\/\/fishprotection.eu\/pl\/zastosowanie\/ochrona-ujec-wod\/farmy-rybne\/","url":"https:\/\/fishprotection.eu\/pl\/zastosowanie\/ochrona-ujec-wod\/farmy-rybne\/","name":"Ochrona Farm Rybnych przed Gatunkami Inwazyjnymi \u2013 System Neptun","isPartOf":{"@id":"https:\/\/fishprotection.eu\/pl\/#website"},"primaryImageOfPage":{"@id":"https:\/\/fishprotection.eu\/pl\/zastosowanie\/ochrona-ujec-wod\/farmy-rybne\/#primaryimage"},"image":{"@id":"https:\/\/fishprotection.eu\/pl\/zastosowanie\/ochrona-ujec-wod\/farmy-rybne\/#primaryimage"},"thumbnailUrl":"https:\/\/fishprotection.eu\/wp-content\/uploads\/icon-fish-2.svg","datePublished":"2017-07-20T16:05:47+00:00","dateModified":"2017-10-18T21:20:05+00:00","description":"Ochrona farm rybnych i staw\u00f3w przed przedostaniem si\u0119 obcych gatunk\u00f3w. Wytwarzaj\u0105c pole elektryczne, Neptun nie dopuszcza do ucieczki ryb hodowlanych.","breadcrumb":{"@id":"https:\/\/fishprotection.eu\/pl\/zastosowanie\/ochrona-ujec-wod\/farmy-rybne\/#breadcrumb"},"inLanguage":"pl-PL","potentialAction":[{"@type":"ReadAction","target":["https:\/\/fishprotection.eu\/pl\/zastosowanie\/ochrona-ujec-wod\/farmy-rybne\/"]}]},{"@type":"ImageObject","inLanguage":"pl-PL","@id":"https:\/\/fishprotection.eu\/pl\/zastosowanie\/ochrona-ujec-wod\/farmy-rybne\/#primaryimage","url":"https:\/\/fishprotection.eu\/wp-content\/uploads\/icon-fish-2.svg","contentUrl":"https:\/\/fishprotection.eu\/wp-content\/uploads\/icon-fish-2.svg"},{"@type":"BreadcrumbList","@id":"https:\/\/fishprotection.eu\/pl\/zastosowanie\/ochrona-ujec-wod\/farmy-rybne\/#breadcrumb","itemListElement":[{"@type":"ListItem","position":1,"name":"Home","item":"https:\/\/fishprotection.eu\/pl\/"},{"@type":"ListItem","position":2,"name":"Zastosowanie","item":"https:\/\/fishprotection.eu\/pl\/zastosowanie\/?lang=pl"},{"@type":"ListItem","position":3,"name":"Ochrona uj\u0119\u0107 w\u00f3d","item":"https:\/\/fishprotection.eu\/pl\/zastosowanie\/ochrona-ujec-wod\/"},{"@type":"ListItem","position":4,"name":"Ochrona farm rybnych i staw\u00f3w"}]},{"@type":"WebSite","@id":"https:\/\/fishprotection.eu\/pl\/#website","url":"https:\/\/fishprotection.eu\/pl\/","name":"Neptun","description":"","potentialAction":[{"@type":"SearchAction","target":{"@type":"EntryPoint","urlTemplate":"https:\/\/fishprotection.eu\/pl\/?s={search_term_string}"},"query-input":{"@type":"PropertyValueSpecification","valueRequired":true,"valueName":"search_term_string"}}],"inLanguage":"pl-PL"}]}},"_links":{"self":[{"href":"https:\/\/fishprotection.eu\/pl\/wp-json\/wp\/v2\/pages\/1278","targetHints":{"allow":["GET"]}}],"collection":[{"href":"https:\/\/fishprotection.eu\/pl\/wp-json\/wp\/v2\/pages"}],"about":[{"href":"https:\/\/fishprotection.eu\/pl\/wp-json\/wp\/v2\/types\/page"}],"author":[{"embeddable":true,"href":"https:\/\/fishprotection.eu\/pl\/wp-json\/wp\/v2\/users\/2"}],"replies":[{"embeddable":true,"href":"https:\/\/fishprotection.eu\/pl\/wp-json\/wp\/v2\/comments?post=1278"}],"version-history":[{"count":0,"href":"https:\/\/fishprotection.eu\/pl\/wp-json\/wp\/v2\/pages\/1278\/revisions"}],"up":[{"embeddable":true,"href":"https:\/\/fishprotection.eu\/pl\/wp-json\/wp\/v2\/pages\/1077"}],"wp:featuredmedia":[{"embeddable":true,"href":"https:\/\/fishprotection.eu\/pl\/wp-json\/wp\/v2\/media\/2161"}],"wp:attachment":[{"href":"https:\/\/fishprotection.eu\/pl\/wp-json\/wp\/v2\/media?parent=1278"}],"curies":[{"name":"wp","href":"https:\/\/api.w.org\/{rel}","templated":true}]}}