{"id":1018,"date":"2017-07-13T15:54:14","date_gmt":"2017-07-13T13:54:14","guid":{"rendered":"http:\/\/fishprotection.eu\/?page_id=1018"},"modified":"2022-03-16T16:02:49","modified_gmt":"2022-03-16T15:02:49","slug":"zapytanie-o-wspolprace","status":"publish","type":"page","link":"https:\/\/fishprotection.eu\/pl\/kontakt\/zapytanie-o-wspolprace\/","title":{"rendered":"ZAPYTANIE O WSP\u00d3\u0141PRAC\u0118"},"content":{"rendered":"","protected":false},"excerpt":{"rendered":"","protected":false},"author":1,"featured_media":0,"parent":998,"menu_order":2,"comment_status":"closed","ping_status":"closed","template":"templates\/page-onepage.php","meta":{"_acf_changed":false,"footnotes":""},"class_list":["post-1018","page","type-page","status-publish","hentry"],"acf":[],"yoast_head":"<!-- This site is optimized with the Yoast SEO plugin v27.3 - https:\/\/yoast.com\/product\/yoast-seo-wordpress\/ -->\n<title>ZAPYTANIE O WSP\u00d3\u0141PRAC\u0118 - Neptun<\/title>\n<meta name=\"robots\" content=\"index, follow, max-snippet:-1, max-image-preview:large, max-video-preview:-1\" \/>\n<link rel=\"canonical\" href=\"https:\/\/fishprotection.eu\/pl\/kontakt\/zapytanie-o-wspolprace\/\" \/>\n<meta property=\"og:locale\" content=\"pl_PL\" \/>\n<meta property=\"og:type\" content=\"article\" \/>\n<meta property=\"og:title\" content=\"ZAPYTANIE O WSP\u00d3\u0141PRAC\u0118 - Neptun\" \/>\n<meta property=\"og:url\" content=\"https:\/\/fishprotection.eu\/pl\/kontakt\/zapytanie-o-wspolprace\/\" \/>\n<meta property=\"og:site_name\" content=\"Neptun\" \/>\n<meta property=\"article:modified_time\" content=\"2022-03-16T15:02:49+00:00\" \/>\n<meta property=\"og:image\" content=\"https:\/\/fishprotection.eu\/wp-content\/uploads\/fb-image.png\" \/>\n\t<meta property=\"og:image:width\" content=\"1200\" \/>\n\t<meta property=\"og:image:height\" content=\"630\" \/>\n\t<meta property=\"og:image:type\" content=\"image\/png\" \/>\n<meta name=\"twitter:card\" content=\"summary_large_image\" \/>\n<script type=\"application\/ld+json\" class=\"yoast-schema-graph\">{\"@context\":\"https:\\\/\\\/schema.org\",\"@graph\":[{\"@type\":\"WebPage\",\"@id\":\"https:\\\/\\\/fishprotection.eu\\\/pl\\\/kontakt\\\/zapytanie-o-wspolprace\\\/\",\"url\":\"https:\\\/\\\/fishprotection.eu\\\/pl\\\/kontakt\\\/zapytanie-o-wspolprace\\\/\",\"name\":\"ZAPYTANIE O WSP\u00d3\u0141PRAC\u0118 - Neptun\",\"isPartOf\":{\"@id\":\"https:\\\/\\\/fishprotection.eu\\\/pl\\\/#website\"},\"datePublished\":\"2017-07-13T13:54:14+00:00\",\"dateModified\":\"2022-03-16T15:02:49+00:00\",\"breadcrumb\":{\"@id\":\"https:\\\/\\\/fishprotection.eu\\\/pl\\\/kontakt\\\/zapytanie-o-wspolprace\\\/#breadcrumb\"},\"inLanguage\":\"pl-PL\",\"potentialAction\":[{\"@type\":\"ReadAction\",\"target\":[\"https:\\\/\\\/fishprotection.eu\\\/pl\\\/kontakt\\\/zapytanie-o-wspolprace\\\/\"]}]},{\"@type\":\"BreadcrumbList\",\"@id\":\"https:\\\/\\\/fishprotection.eu\\\/pl\\\/kontakt\\\/zapytanie-o-wspolprace\\\/#breadcrumb\",\"itemListElement\":[{\"@type\":\"ListItem\",\"position\":1,\"name\":\"Home\",\"item\":\"https:\\\/\\\/fishprotection.eu\\\/pl\\\/\"},{\"@type\":\"ListItem\",\"position\":2,\"name\":\"KONTAKT\",\"item\":\"https:\\\/\\\/fishprotection.eu\\\/pl\\\/kontakt\\\/\"},{\"@type\":\"ListItem\",\"position\":3,\"name\":\"ZAPYTANIE O WSP\u00d3\u0141PRAC\u0118\"}]},{\"@type\":\"WebSite\",\"@id\":\"https:\\\/\\\/fishprotection.eu\\\/pl\\\/#website\",\"url\":\"https:\\\/\\\/fishprotection.eu\\\/pl\\\/\",\"name\":\"Neptun\",\"description\":\"\",\"potentialAction\":[{\"@type\":\"SearchAction\",\"target\":{\"@type\":\"EntryPoint\",\"urlTemplate\":\"https:\\\/\\\/fishprotection.eu\\\/pl\\\/?s={search_term_string}\"},\"query-input\":{\"@type\":\"PropertyValueSpecification\",\"valueRequired\":true,\"valueName\":\"search_term_string\"}}],\"inLanguage\":\"pl-PL\"}]}<\/script>\n<!-- \/ Yoast SEO plugin. -->","yoast_head_json":{"title":"ZAPYTANIE O WSP\u00d3\u0141PRAC\u0118 - Neptun","robots":{"index":"index","follow":"follow","max-snippet":"max-snippet:-1","max-image-preview":"max-image-preview:large","max-video-preview":"max-video-preview:-1"},"canonical":"https:\/\/fishprotection.eu\/pl\/kontakt\/zapytanie-o-wspolprace\/","og_locale":"pl_PL","og_type":"article","og_title":"ZAPYTANIE O WSP\u00d3\u0141PRAC\u0118 - Neptun","og_url":"https:\/\/fishprotection.eu\/pl\/kontakt\/zapytanie-o-wspolprace\/","og_site_name":"Neptun","article_modified_time":"2022-03-16T15:02:49+00:00","og_image":[{"width":1200,"height":630,"url":"https:\/\/fishprotection.eu\/wp-content\/uploads\/fb-image.png","type":"image\/png"}],"twitter_card":"summary_large_image","schema":{"@context":"https:\/\/schema.org","@graph":[{"@type":"WebPage","@id":"https:\/\/fishprotection.eu\/pl\/kontakt\/zapytanie-o-wspolprace\/","url":"https:\/\/fishprotection.eu\/pl\/kontakt\/zapytanie-o-wspolprace\/","name":"ZAPYTANIE O WSP\u00d3\u0141PRAC\u0118 - Neptun","isPartOf":{"@id":"https:\/\/fishprotection.eu\/pl\/#website"},"datePublished":"2017-07-13T13:54:14+00:00","dateModified":"2022-03-16T15:02:49+00:00","breadcrumb":{"@id":"https:\/\/fishprotection.eu\/pl\/kontakt\/zapytanie-o-wspolprace\/#breadcrumb"},"inLanguage":"pl-PL","potentialAction":[{"@type":"ReadAction","target":["https:\/\/fishprotection.eu\/pl\/kontakt\/zapytanie-o-wspolprace\/"]}]},{"@type":"BreadcrumbList","@id":"https:\/\/fishprotection.eu\/pl\/kontakt\/zapytanie-o-wspolprace\/#breadcrumb","itemListElement":[{"@type":"ListItem","position":1,"name":"Home","item":"https:\/\/fishprotection.eu\/pl\/"},{"@type":"ListItem","position":2,"name":"KONTAKT","item":"https:\/\/fishprotection.eu\/pl\/kontakt\/"},{"@type":"ListItem","position":3,"name":"ZAPYTANIE O WSP\u00d3\u0141PRAC\u0118"}]},{"@type":"WebSite","@id":"https:\/\/fishprotection.eu\/pl\/#website","url":"https:\/\/fishprotection.eu\/pl\/","name":"Neptun","description":"","potentialAction":[{"@type":"SearchAction","target":{"@type":"EntryPoint","urlTemplate":"https:\/\/fishprotection.eu\/pl\/?s={search_term_string}"},"query-input":{"@type":"PropertyValueSpecification","valueRequired":true,"valueName":"search_term_string"}}],"inLanguage":"pl-PL"}]}},"_links":{"self":[{"href":"https:\/\/fishprotection.eu\/pl\/wp-json\/wp\/v2\/pages\/1018","targetHints":{"allow":["GET"]}}],"collection":[{"href":"https:\/\/fishprotection.eu\/pl\/wp-json\/wp\/v2\/pages"}],"about":[{"href":"https:\/\/fishprotection.eu\/pl\/wp-json\/wp\/v2\/types\/page"}],"author":[{"embeddable":true,"href":"https:\/\/fishprotection.eu\/pl\/wp-json\/wp\/v2\/users\/1"}],"replies":[{"embeddable":true,"href":"https:\/\/fishprotection.eu\/pl\/wp-json\/wp\/v2\/comments?post=1018"}],"version-history":[{"count":2,"href":"https:\/\/fishprotection.eu\/pl\/wp-json\/wp\/v2\/pages\/1018\/revisions"}],"predecessor-version":[{"id":3631,"href":"https:\/\/fishprotection.eu\/pl\/wp-json\/wp\/v2\/pages\/1018\/revisions\/3631"}],"up":[{"embeddable":true,"href":"https:\/\/fishprotection.eu\/pl\/wp-json\/wp\/v2\/pages\/998"}],"wp:attachment":[{"href":"https:\/\/fishprotection.eu\/pl\/wp-json\/wp\/v2\/media?parent=1018"}],"curies":[{"name":"wp","href":"https:\/\/api.w.org\/{rel}","templated":true}]}}