{"id":4181,"date":"2017-07-20T16:43:04","date_gmt":"2017-07-20T14:43:04","guid":{"rendered":"https:\/\/fishprotection.eu\/anwendungsgebiete\/fischschutz\/przeplawki\/"},"modified":"2023-08-18T14:43:18","modified_gmt":"2023-08-18T12:43:18","slug":"fische-gezielt-zu-fischtreppen-fuhren","status":"publish","type":"page","link":"https:\/\/fishprotection.eu\/de\/anwendungsgebiete\/fischschutz\/fische-gezielt-zu-fischtreppen-fuhren\/","title":{"rendered":"FISCHE GEZIELT ZU FISCHTREPPEN F\u00dcHREN"},"content":{"rendered":"","protected":false},"excerpt":{"rendered":"","protected":false},"author":2,"featured_media":3817,"parent":4165,"menu_order":3,"comment_status":"closed","ping_status":"closed","template":"templates\/page-onepage.php","meta":{"_acf_changed":false,"footnotes":""},"class_list":["post-4181","page","type-page","status-publish","has-post-thumbnail","hentry"],"acf":[],"yoast_head":"<!-- This site is optimized with the Yoast SEO plugin v27.5 - https:\/\/yoast.com\/product\/yoast-seo-wordpress\/ -->\n<title>FISCHE GEZIELT ZU FISCHTREPPEN F\u00dcHREN<\/title>\n<meta name=\"description\" content=\"Das gr\u00f6\u00dfte Problem f\u00fcr die stromaufw\u00e4rts und stromabw\u00e4rts gerichtete Wanderung der Ichthyofauna sind Querbauwerke wie D\u00e4mme, Wehre oder Wasserkraftwerke.\" \/>\n<meta name=\"robots\" content=\"index, follow, max-snippet:-1, max-image-preview:large, max-video-preview:-1\" \/>\n<link rel=\"canonical\" href=\"https:\/\/fishprotection.eu\/de\/anwendungsgebiete\/fischschutz\/fische-gezielt-zu-fischtreppen-fuhren\/\" \/>\n<meta property=\"og:locale\" content=\"de_DE\" \/>\n<meta property=\"og:type\" content=\"article\" \/>\n<meta property=\"og:title\" content=\"FISCHE GEZIELT ZU FISCHTREPPEN F\u00dcHREN\" \/>\n<meta property=\"og:description\" content=\"Das gr\u00f6\u00dfte Problem f\u00fcr die stromaufw\u00e4rts und stromabw\u00e4rts gerichtete Wanderung der Ichthyofauna sind Querbauwerke wie D\u00e4mme, Wehre oder Wasserkraftwerke.\" \/>\n<meta property=\"og:url\" content=\"https:\/\/fishprotection.eu\/de\/anwendungsgebiete\/fischschutz\/fische-gezielt-zu-fischtreppen-fuhren\/\" \/>\n<meta property=\"og:site_name\" content=\"Neptun\" \/>\n<meta property=\"article:modified_time\" content=\"2023-08-18T12:43:18+00:00\" \/>\n<meta property=\"og:image\" content=\"https:\/\/fishprotection.eu\/wp-content\/uploads\/fb-image.png\" \/>\n\t<meta property=\"og:image:width\" content=\"1200\" \/>\n\t<meta property=\"og:image:height\" content=\"630\" \/>\n\t<meta property=\"og:image:type\" content=\"image\/png\" \/>\n<meta name=\"twitter:card\" content=\"summary_large_image\" \/>\n<script type=\"application\/ld+json\" class=\"yoast-schema-graph\">{\"@context\":\"https:\\\/\\\/schema.org\",\"@graph\":[{\"@type\":\"WebPage\",\"@id\":\"https:\\\/\\\/fishprotection.eu\\\/de\\\/anwendungsgebiete\\\/fischschutz\\\/fische-gezielt-zu-fischtreppen-fuhren\\\/\",\"url\":\"https:\\\/\\\/fishprotection.eu\\\/de\\\/anwendungsgebiete\\\/fischschutz\\\/fische-gezielt-zu-fischtreppen-fuhren\\\/\",\"name\":\"FISCHE GEZIELT ZU FISCHTREPPEN F\u00dcHREN\",\"isPartOf\":{\"@id\":\"https:\\\/\\\/fishprotection.eu\\\/de\\\/#website\"},\"primaryImageOfPage\":{\"@id\":\"https:\\\/\\\/fishprotection.eu\\\/de\\\/anwendungsgebiete\\\/fischschutz\\\/fische-gezielt-zu-fischtreppen-fuhren\\\/#primaryimage\"},\"image\":{\"@id\":\"https:\\\/\\\/fishprotection.eu\\\/de\\\/anwendungsgebiete\\\/fischschutz\\\/fische-gezielt-zu-fischtreppen-fuhren\\\/#primaryimage\"},\"thumbnailUrl\":\"https:\\\/\\\/fishprotection.eu\\\/wp-content\\\/uploads\\\/arrow-ico-12.svg\",\"datePublished\":\"2017-07-20T14:43:04+00:00\",\"dateModified\":\"2023-08-18T12:43:18+00:00\",\"description\":\"Das gr\u00f6\u00dfte Problem f\u00fcr die stromaufw\u00e4rts und stromabw\u00e4rts gerichtete Wanderung der Ichthyofauna sind Querbauwerke wie D\u00e4mme, Wehre oder Wasserkraftwerke.\",\"breadcrumb\":{\"@id\":\"https:\\\/\\\/fishprotection.eu\\\/de\\\/anwendungsgebiete\\\/fischschutz\\\/fische-gezielt-zu-fischtreppen-fuhren\\\/#breadcrumb\"},\"inLanguage\":\"de\",\"potentialAction\":[{\"@type\":\"ReadAction\",\"target\":[\"https:\\\/\\\/fishprotection.eu\\\/de\\\/anwendungsgebiete\\\/fischschutz\\\/fische-gezielt-zu-fischtreppen-fuhren\\\/\"]}]},{\"@type\":\"ImageObject\",\"inLanguage\":\"de\",\"@id\":\"https:\\\/\\\/fishprotection.eu\\\/de\\\/anwendungsgebiete\\\/fischschutz\\\/fische-gezielt-zu-fischtreppen-fuhren\\\/#primaryimage\",\"url\":\"https:\\\/\\\/fishprotection.eu\\\/wp-content\\\/uploads\\\/arrow-ico-12.svg\",\"contentUrl\":\"https:\\\/\\\/fishprotection.eu\\\/wp-content\\\/uploads\\\/arrow-ico-12.svg\"},{\"@type\":\"BreadcrumbList\",\"@id\":\"https:\\\/\\\/fishprotection.eu\\\/de\\\/anwendungsgebiete\\\/fischschutz\\\/fische-gezielt-zu-fischtreppen-fuhren\\\/#breadcrumb\",\"itemListElement\":[{\"@type\":\"ListItem\",\"position\":1,\"name\":\"Home\",\"item\":\"https:\\\/\\\/fishprotection.eu\\\/de\\\/\"},{\"@type\":\"ListItem\",\"position\":2,\"name\":\"Anwendungsgebiete\",\"item\":\"https:\\\/\\\/fishprotection.eu\\\/de\\\/anwendungsgebiete\\\/\"},{\"@type\":\"ListItem\",\"position\":3,\"name\":\"Fischschutz\",\"item\":\"https:\\\/\\\/fishprotection.eu\\\/de\\\/anwendungsgebiete\\\/fischschutz\\\/\"},{\"@type\":\"ListItem\",\"position\":4,\"name\":\"FISCHE GEZIELT ZU FISCHTREPPEN F\u00dcHREN\"}]},{\"@type\":\"WebSite\",\"@id\":\"https:\\\/\\\/fishprotection.eu\\\/de\\\/#website\",\"url\":\"https:\\\/\\\/fishprotection.eu\\\/de\\\/\",\"name\":\"Neptun\",\"description\":\"\",\"potentialAction\":[{\"@type\":\"SearchAction\",\"target\":{\"@type\":\"EntryPoint\",\"urlTemplate\":\"https:\\\/\\\/fishprotection.eu\\\/de\\\/?s={search_term_string}\"},\"query-input\":{\"@type\":\"PropertyValueSpecification\",\"valueRequired\":true,\"valueName\":\"search_term_string\"}}],\"inLanguage\":\"de\"}]}<\/script>\n<!-- \/ Yoast SEO plugin. -->","yoast_head_json":{"title":"FISCHE GEZIELT ZU FISCHTREPPEN F\u00dcHREN","description":"Das gr\u00f6\u00dfte Problem f\u00fcr die stromaufw\u00e4rts und stromabw\u00e4rts gerichtete Wanderung der Ichthyofauna sind Querbauwerke wie D\u00e4mme, Wehre oder Wasserkraftwerke.","robots":{"index":"index","follow":"follow","max-snippet":"max-snippet:-1","max-image-preview":"max-image-preview:large","max-video-preview":"max-video-preview:-1"},"canonical":"https:\/\/fishprotection.eu\/de\/anwendungsgebiete\/fischschutz\/fische-gezielt-zu-fischtreppen-fuhren\/","og_locale":"de_DE","og_type":"article","og_title":"FISCHE GEZIELT ZU FISCHTREPPEN F\u00dcHREN","og_description":"Das gr\u00f6\u00dfte Problem f\u00fcr die stromaufw\u00e4rts und stromabw\u00e4rts gerichtete Wanderung der Ichthyofauna sind Querbauwerke wie D\u00e4mme, Wehre oder Wasserkraftwerke.","og_url":"https:\/\/fishprotection.eu\/de\/anwendungsgebiete\/fischschutz\/fische-gezielt-zu-fischtreppen-fuhren\/","og_site_name":"Neptun","article_modified_time":"2023-08-18T12:43:18+00:00","og_image":[{"width":1200,"height":630,"url":"https:\/\/fishprotection.eu\/wp-content\/uploads\/fb-image.png","type":"image\/png"}],"twitter_card":"summary_large_image","schema":{"@context":"https:\/\/schema.org","@graph":[{"@type":"WebPage","@id":"https:\/\/fishprotection.eu\/de\/anwendungsgebiete\/fischschutz\/fische-gezielt-zu-fischtreppen-fuhren\/","url":"https:\/\/fishprotection.eu\/de\/anwendungsgebiete\/fischschutz\/fische-gezielt-zu-fischtreppen-fuhren\/","name":"FISCHE GEZIELT ZU FISCHTREPPEN F\u00dcHREN","isPartOf":{"@id":"https:\/\/fishprotection.eu\/de\/#website"},"primaryImageOfPage":{"@id":"https:\/\/fishprotection.eu\/de\/anwendungsgebiete\/fischschutz\/fische-gezielt-zu-fischtreppen-fuhren\/#primaryimage"},"image":{"@id":"https:\/\/fishprotection.eu\/de\/anwendungsgebiete\/fischschutz\/fische-gezielt-zu-fischtreppen-fuhren\/#primaryimage"},"thumbnailUrl":"https:\/\/fishprotection.eu\/wp-content\/uploads\/arrow-ico-12.svg","datePublished":"2017-07-20T14:43:04+00:00","dateModified":"2023-08-18T12:43:18+00:00","description":"Das gr\u00f6\u00dfte Problem f\u00fcr die stromaufw\u00e4rts und stromabw\u00e4rts gerichtete Wanderung der Ichthyofauna sind Querbauwerke wie D\u00e4mme, Wehre oder Wasserkraftwerke.","breadcrumb":{"@id":"https:\/\/fishprotection.eu\/de\/anwendungsgebiete\/fischschutz\/fische-gezielt-zu-fischtreppen-fuhren\/#breadcrumb"},"inLanguage":"de","potentialAction":[{"@type":"ReadAction","target":["https:\/\/fishprotection.eu\/de\/anwendungsgebiete\/fischschutz\/fische-gezielt-zu-fischtreppen-fuhren\/"]}]},{"@type":"ImageObject","inLanguage":"de","@id":"https:\/\/fishprotection.eu\/de\/anwendungsgebiete\/fischschutz\/fische-gezielt-zu-fischtreppen-fuhren\/#primaryimage","url":"https:\/\/fishprotection.eu\/wp-content\/uploads\/arrow-ico-12.svg","contentUrl":"https:\/\/fishprotection.eu\/wp-content\/uploads\/arrow-ico-12.svg"},{"@type":"BreadcrumbList","@id":"https:\/\/fishprotection.eu\/de\/anwendungsgebiete\/fischschutz\/fische-gezielt-zu-fischtreppen-fuhren\/#breadcrumb","itemListElement":[{"@type":"ListItem","position":1,"name":"Home","item":"https:\/\/fishprotection.eu\/de\/"},{"@type":"ListItem","position":2,"name":"Anwendungsgebiete","item":"https:\/\/fishprotection.eu\/de\/anwendungsgebiete\/"},{"@type":"ListItem","position":3,"name":"Fischschutz","item":"https:\/\/fishprotection.eu\/de\/anwendungsgebiete\/fischschutz\/"},{"@type":"ListItem","position":4,"name":"FISCHE GEZIELT ZU FISCHTREPPEN F\u00dcHREN"}]},{"@type":"WebSite","@id":"https:\/\/fishprotection.eu\/de\/#website","url":"https:\/\/fishprotection.eu\/de\/","name":"Neptun","description":"","potentialAction":[{"@type":"SearchAction","target":{"@type":"EntryPoint","urlTemplate":"https:\/\/fishprotection.eu\/de\/?s={search_term_string}"},"query-input":{"@type":"PropertyValueSpecification","valueRequired":true,"valueName":"search_term_string"}}],"inLanguage":"de"}]}},"_links":{"self":[{"href":"https:\/\/fishprotection.eu\/de\/wp-json\/wp\/v2\/pages\/4181","targetHints":{"allow":["GET"]}}],"collection":[{"href":"https:\/\/fishprotection.eu\/de\/wp-json\/wp\/v2\/pages"}],"about":[{"href":"https:\/\/fishprotection.eu\/de\/wp-json\/wp\/v2\/types\/page"}],"author":[{"embeddable":true,"href":"https:\/\/fishprotection.eu\/de\/wp-json\/wp\/v2\/users\/2"}],"replies":[{"embeddable":true,"href":"https:\/\/fishprotection.eu\/de\/wp-json\/wp\/v2\/comments?post=4181"}],"version-history":[{"count":4,"href":"https:\/\/fishprotection.eu\/de\/wp-json\/wp\/v2\/pages\/4181\/revisions"}],"predecessor-version":[{"id":4420,"href":"https:\/\/fishprotection.eu\/de\/wp-json\/wp\/v2\/pages\/4181\/revisions\/4420"}],"up":[{"embeddable":true,"href":"https:\/\/fishprotection.eu\/de\/wp-json\/wp\/v2\/pages\/4165"}],"wp:featuredmedia":[{"embeddable":true,"href":"https:\/\/fishprotection.eu\/de\/wp-json\/wp\/v2\/media\/3817"}],"wp:attachment":[{"href":"https:\/\/fishprotection.eu\/de\/wp-json\/wp\/v2\/media?parent=4181"}],"curies":[{"name":"wp","href":"https:\/\/api.w.org\/{rel}","templated":true}]}}